{"id":107,"date":"2014-09-14T17:00:44","date_gmt":"2014-09-14T15:00:44","guid":{"rendered":"http:\/\/www.amrc-keller.de\/wp\/?page_id=107"},"modified":"2015-03-30T13:37:13","modified_gmt":"2015-03-30T11:37:13","slug":"werkstattservice","status":"publish","type":"page","link":"https:\/\/www.amrc-keller.de\/?page_id=107","title":{"rendered":"Werkstattservice"},"content":{"rendered":"<div class=\"wpb-content-wrapper\"><p>[vc_row][vc_column width=&#8220;2\/3&#8243;][vc_column_text]<\/p>\n<h4>Machen Sie Ihren n\u00e4chsten Boxenstop bei uns!<\/h4>\n<p>[\/vc_column_text][\/vc_column][vc_column width=&#8220;1\/3&#8243;][vc_message message_box_style=&#8220;solid-icon&#8220; style=&#8220;rounded&#8220; message_box_color=&#8220;black&#8220; icon_type=&#8220;fontawesome&#8220; icon_fontawesome=&#8220;fa fa-check-square-o&#8220; icon_openiconic=&#8220;vc-oi vc-oi-dial&#8220; icon_typicons=&#8220;typcn typcn-adjust-brightness&#8220; icon_entypo=&#8220;entypo-icon entypo-icon-note&#8220; icon_linecons=&#8220;vc_li vc_li-heart&#8220; icon_pixelicons=&#8220;vc_pixel_icon vc_pixel_icon-alert&#8220;]<a title=\"Motorrad\" href=\"https:\/\/www.amrc-keller.de\/?page_id=97\">Motorrad<\/a><\/p>\n<p><a title=\"Gebrauchtmotoradb\u00f6rse\" href=\"https:\/\/www.amrc-keller.de\/?page_id=113\">&#8211;&gt; Gebrauchtmotorradb\u00f6rse<\/a>[\/vc_message][\/vc_column][\/vc_row][vc_row][vc_column width=&#8220;2\/3&#8243;][vc_column_text]Als eine <b>serviceorientierte KFZ-Meisterwerkstatt<\/b> haben wir ein offenes Ohr f\u00fcr Ihre Sorgen. Wir verw\u00f6hnen Sie mit einer Tasse Kaffee und k\u00fcmmern uns w\u00e4hrend dessen fix und kompetent um Ihr Fahrzeug. Egal, ob es sich um Unfallinstandsetzung, Reparatur, Inspektion oder um eine Beratung handelt.<\/p>\n<p>Sie und Ihr Fahrzeug sind bei uns in guten H\u00e4nden, schlie\u00dflich garantiert unsere langj\u00e4hrige Erfahrung und Sachkenntnis die besten Resultate!<\/p>\n<p>Es spielt keine Rolle, ob Sie mit vier oder nur zwei R\u00e4dern zu uns kommen. Als langj\u00e4hriger <b>Suzuki-St\u00fctzpunkt<\/b> und <b>Zweirad Werkstatt<\/b> bedienen wir Sie auch hier gerne.<\/p>\n<p>Profitieren auch Sie von unseren Staffel- und Festpreisen. G\u00fcnstig fair und kompetent!<\/p>\n<p>[\/vc_column_text][\/vc_column][vc_column width=&#8220;1\/3&#8243;][vc_single_image image=&#8220;279&#8243; border_color=&#8220;grey&#8220; img_link_large=&#8220;&#8220; img_link_target=&#8220;_self&#8220; alignment=&#8220;center&#8220; img_size=&#8220;300&#8243;][\/vc_column][\/vc_row][vc_row][vc_column width=&#8220;2\/3&#8243;][vc_column_text]<\/p>\n<h4>Und was d\u00fcrfen wir f\u00fcr Sie oder Ihr Fahrzeug tun?<\/h4>\n<ul>\n<li>fachgerechte Reparaturen aller Zweir\u00e4der &amp; PKW<\/li>\n<li>Hauptuntersuchung (T\u00dcV)<\/li>\n<li>Abgasuntersuchung (AU)<\/li>\n<li>Inspektionen<\/li>\n<li>Rad-, Reifen- &amp; Fahrwerksservice<\/li>\n<li>Abhol- &amp; Bringservice<\/li>\n<li>An- und Abmeldungen, Saisonkennzeichen<\/li>\n<li>An- und Verkauf von Gebrauchtwagen und gebrauchten Motorr\u00e4dern aller Marken<\/li>\n<li>G\u00fcnstige Preise f\u00fcr fachgerechte Reparatur<\/li>\n<li>Ersatzteilverkauf<\/li>\n<\/ul>\n<p>[\/vc_column_text][\/vc_column][vc_column width=&#8220;1\/3&#8243;][vc_single_image image=&#8220;280&#8243; border_color=&#8220;grey&#8220; img_link_large=&#8220;&#8220; img_link_target=&#8220;_self&#8220; img_size=&#8220;300&#8243; alignment=&#8220;center&#8220;][\/vc_column][\/vc_row][vc_row][vc_column width=&#8220;2\/3&#8243;][vc_column_text]<b>Unsere Mitarbeiter stehen Ihnen stets mit Rat und Tat zur<\/b><b> Seite.<br \/>\n\u00dcberzeugen Sie sich nun selbst und besuchen Sie uns!<\/b>[\/vc_column_text][\/vc_column][vc_column width=&#8220;1\/3&#8243;][vc_single_image image=&#8220;282&#8243; alignment=&#8220;center&#8220; border_color=&#8220;grey&#8220; img_link_large=&#8220;&#8220; img_link_target=&#8220;_self&#8220; img_size=&#8220;300&#8243;][\/vc_column][\/vc_row]<\/p>\n<\/div>","protected":false},"excerpt":{"rendered":"<p>[vc_row][vc_column width=&#8220;2\/3&#8243;][vc_column_text] Machen Sie Ihren n\u00e4chsten Boxenstop bei uns! [\/vc_column_text][\/vc_column][vc_column width=&#8220;1\/3&#8243;][vc_message message_box_style=&#8220;solid-icon&#8220; style=&#8220;rounded&#8220; message_box_color=&#8220;black&#8220; icon_type=&#8220;fontawesome&#8220; icon_fontawesome=&#8220;fa fa-check-square-o&#8220; icon_openiconic=&#8220;vc-oi vc-oi-dial&#8220; icon_typicons=&#8220;typcn typcn-adjust-brightness&#8220; icon_entypo=&#8220;entypo-icon entypo-icon-note&#8220; icon_linecons=&#8220;vc_li vc_li-heart&#8220; icon_pixelicons=&#8220;vc_pixel_icon vc_pixel_icon-alert&#8220;]Motorrad &#8211;&gt; Gebrauchtmotorradb\u00f6rse[\/vc_message][\/vc_column][\/vc_row][vc_row][vc_column width=&#8220;2\/3&#8243;][vc_column_text]Als eine serviceorientierte KFZ-Meisterwerkstatt haben wir ein offenes Ohr f\u00fcr Ihre Sorgen. Wir verw\u00f6hnen Sie mit einer Tasse Kaffee und k\u00fcmmern uns w\u00e4hrend dessen fix und &hellip; <a href=\"https:\/\/www.amrc-keller.de\/?page_id=107\" class=\"more-link\"><span class=\"screen-reader-text\">Werkstattservice<\/span> weiterlesen <span class=\"meta-nav\">&rarr;<\/span><\/a><\/p>\n","protected":false},"author":1,"featured_media":0,"parent":97,"menu_order":0,"comment_status":"open","ping_status":"open","template":"","meta":{"footnotes":""},"class_list":["post-107","page","type-page","status-publish","hentry"],"_links":{"self":[{"href":"https:\/\/www.amrc-keller.de\/index.php?rest_route=\/wp\/v2\/pages\/107","targetHints":{"allow":["GET"]}}],"collection":[{"href":"https:\/\/www.amrc-keller.de\/index.php?rest_route=\/wp\/v2\/pages"}],"about":[{"href":"https:\/\/www.amrc-keller.de\/index.php?rest_route=\/wp\/v2\/types\/page"}],"author":[{"embeddable":true,"href":"https:\/\/www.amrc-keller.de\/index.php?rest_route=\/wp\/v2\/users\/1"}],"replies":[{"embeddable":true,"href":"https:\/\/www.amrc-keller.de\/index.php?rest_route=%2Fwp%2Fv2%2Fcomments&post=107"}],"version-history":[{"count":8,"href":"https:\/\/www.amrc-keller.de\/index.php?rest_route=\/wp\/v2\/pages\/107\/revisions"}],"predecessor-version":[{"id":564,"href":"https:\/\/www.amrc-keller.de\/index.php?rest_route=\/wp\/v2\/pages\/107\/revisions\/564"}],"up":[{"embeddable":true,"href":"https:\/\/www.amrc-keller.de\/index.php?rest_route=\/wp\/v2\/pages\/97"}],"wp:attachment":[{"href":"https:\/\/www.amrc-keller.de\/index.php?rest_route=%2Fwp%2Fv2%2Fmedia&parent=107"}],"curies":[{"name":"wp","href":"https:\/\/api.w.org\/{rel}","templated":true}]}}