{"id":1252,"date":"2018-06-11T16:36:01","date_gmt":"2018-06-11T14:36:01","guid":{"rendered":"http:\/\/www.amrc-keller.de\/?page_id=1252"},"modified":"2018-06-11T16:52:12","modified_gmt":"2018-06-11T14:52:12","slug":"datenschutzerklaerung","status":"publish","type":"page","link":"https:\/\/www.amrc-keller.de\/?page_id=1252","title":{"rendered":"Datenschutzerkl\u00e4rung"},"content":{"rendered":"<h2>Wer wir sind<\/h2>\n<p>Die Adresse unserer Website ist: https:\/\/www.amrc-keller.de.<\/p>\n<h2>Welche personenbezogenen Daten wir sammeln und warum wir sie sammeln<\/h2>\n<h3><strong>Allgemeine Hinweise<\/strong><\/h3>\n<p>Nachfolgend m\u00f6chten wir Sie \u00fcber die Art, den Umfang und die Zwecke der Erhebung und Verwendung Ihrer personenbezogenen Daten auf unserer Webseite informieren. Wir behandeln personenbezogene Daten gem\u00e4\u00df dieser Datenschutzerkl\u00e4rung und der gesetzlichen Vorschriften grunds\u00e4tzlich vertraulich. Den Schutz Ihrer pers\u00f6nlichen Daten nehmen wir sehr ernst. Wenn Sie unsere Website benutzen, werden verschiedene personenbezogene Daten erhoben. Personenbezogene Daten sind Daten, mit denen Sie pers\u00f6nlich identifiziert werden k\u00f6nnen. Die vorliegende Datenschutzerkl\u00e4rung erl\u00e4utert, welche Daten wir erheben und wof\u00fcr wir diese nutzen. Sie erl\u00e4utert auch, wie und zu welchem Zweck das geschieht. Eine Daten\u00fcbertragung im Internet kann z.B. bei E-Mail-Kommunikation Sicherheitsl\u00fccken aufweisen Wir m\u00f6chten Sie darauf hinweisen, dass ein l\u00fcckenloser Schutz der Daten vor dem Zugriff durch Dritte nicht m\u00f6glich ist.<\/p>\n<h3><strong>Datenerfassung auf unserer Website<\/strong><\/h3>\n<p>Wer ist verantwortlich f\u00fcr die Datenerfassung auf dieser Website?<br \/>\n<strong>Autohaus R. Keller<\/strong><br \/>\n<strong>Herr Raimund Keller<\/strong><br \/>\n<strong>Dr.-Georg-Sch\u00e4fer-Str. 12<\/strong><br \/>\n<strong>97762 Hammelburg<\/strong><br \/>\nTelefon: <strong>09732 2215<\/strong><br \/>\nEmail: <strong>info(at)amrc-keller.de<\/strong><\/p>\n<h3>Kommentare<\/h3>\n<p>Wenn Besucher Kommentare auf der Website schreiben, sammeln wir die Daten, die im Kommentar-Formular angezeigt werden, au\u00dferdem die IP-Adresse des Besuchers und den User-Agent-String (damit wird der Browser identifiziert), um die Erkennung von Spam zu unterst\u00fctzen.<\/p>\n<p>Aus Ihrer E-Mail-Adresse kann eine anonymisierte Zeichenfolge erstellt (auch Hash genannt) und dem Gravatar-Dienst \u00fcbergeben werden, um zu pr\u00fcfen, ob Sie diesen benutzen. Die Datenschutzerkl\u00e4rung des Gravatar-Dienstes finden Sie hier: https:\/\/automattic.com\/privacy\/.<\/p>\n<h3>Medien<\/h3>\n<p>Wenn Sie ein registrierter Benutzer sind und Fotos auf diese Website laden, sollten Sie vermeiden, Fotos mit einem EXIF-GPS-Standort hochzuladen. Besucher dieser Website k\u00f6nnten Fotos, die auf dieser Website gespeichert sind, herunterladen und deren Standort-Informationen extrahieren.<\/p>\n<h3>Kontaktformulare<\/h3>\n<h3><strong>Server-Log-Dateien<\/strong><\/h3>\n<p>Der Provider der Seiten erhebt und speichert automatisch Informationen in so genannten Server-Log-Dateien, die Ihr Browser automatisch \u00fcbermittelt. Dies sind:<\/p>\n<ul>\n<li>Browsertyp und Browserversion<\/li>\n<li>verwendetes Betriebssystem<\/li>\n<li>Referrer URL<\/li>\n<li>Hostname des zugreifenden Rechners<\/li>\n<li>Uhrzeit der Serveranfrage<\/li>\n<li>IP-Adresse<\/li>\n<\/ul>\n<p>Diese werden ben\u00f6tigt, um Angriffe, einen fehlerhaften Code oder allgemeine Fehler zu identifizieren und werden nach vier Wochen vom Webserver automatisch gel\u00f6scht. Eine Zusammenf\u00fchrung dieser Daten mit anderen Datenquellen findet nicht statt. Grundlage f\u00fcr die Datenverarbeitung ist Art. 6 Abs. 1, b DSGVO, der die Verarbeitung von Daten zur Erf\u00fcllung eines Vertrags oder vorvertraglicher Ma\u00dfnahmen gestattet.<\/p>\n<h3>Cookies<\/h3>\n<p>Wenn Sie einen Kommentar auf unserer Website schreiben, kann das eine Einwilligung sein, Ihren Namen, E-Mail-Adresse und Website in Cookies zu speichern. Dies ist eine Komfortfunktion, damit Sie nicht, wenn Sie einen weiteren Kommentar schreiben, all diese Daten erneut eingeben m\u00fcssen. Diese Cookies werden ein Jahr lang gespeichert.<\/p>\n<p>Falls Sie ein Konto haben und Sie sich auf dieser Website anmelden, werden wir ein tempor\u00e4res Cookie setzen, um festzustellen, ob Ihr Browser Cookies akzeptiert. Dieses Cookie enth\u00e4lt keine personenbezogenen Daten und wird verworfen, wenn Sie Ihren Browser schlie\u00dfen.<\/p>\n<p>Wenn Sie sich anmelden, werden wir einige Cookies einrichten, um Ihre Anmeldeinformationen und Anzeigeoptionen zu speichern. Anmelde-Cookies verfallen nach zwei Tagen und Cookies f\u00fcr die Anzeigeoptionen nach einem Jahr. Falls Sie bei der Anmeldung \u201eAngemeldet bleiben\u201c ausw\u00e4hlen, wird Ihre Anmeldung zwei Wochen lang aufrechterhalten. Mit der Abmeldung aus Ihrem Konto werden die Anmelde-Cookies gel\u00f6scht.<\/p>\n<p>Wenn Sie einen Artikel bearbeiten oder ver\u00f6ffentlichen, wird ein zus\u00e4tzlicher Cookie in Ihrem Browser gespeichert. Dieser Cookie enth\u00e4lt keine personenbezogenen Daten und verweist nur auf die Beitrags-ID des Artikels, den Sie gerade bearbeitet haben. Der Cookie verf\u00e4llt nach einem Tag.<\/p>\n<h3>Eingebettete Inhalte von anderen Websites<\/h3>\n<p>Beitr\u00e4ge auf dieser Website k\u00f6nnen eingebettete Inhalte beinhalten (z.\u00a0B. Videos, Bilder, Beitr\u00e4ge etc.). Eingebettete Inhalte von anderen Websites verhalten sich exakt so, als ob der Besucher die andere Website besucht h\u00e4tte.<\/p>\n<p>Diese Websites k\u00f6nnen Daten \u00fcber Sie sammeln, Cookies benutzen, zus\u00e4tzliche Tracking-Dienste von Dritten einbetten und Ihre Interaktion mit diesem eingebetteten Inhalt aufzeichnen, inklusive Ihrer Interaktion mit dem eingebetteten Inhalt, falls Sie ein Konto haben und auf dieser Website angemeldet sind.<\/p>\n<h3>Analysedienste<\/h3>\n<h2>Mit wem wir Ihre Daten teilen<\/h2>\n<h2>Wie lange wir Ihre Daten speichern<\/h2>\n<p>Wenn Sie einen Kommentar schreiben, wird dieser inklusive Metadaten zeitlich unbegrenzt gespeichert. Auf diese Art k\u00f6nnen wir Folgekommentare automatisch erkennen und freigeben, anstelle sie in einer Moderations-Warteschlange festzuhalten.<\/p>\n<p>F\u00fcr Benutzer, die sich auf unserer Website registrieren, speichern wir zus\u00e4tzlich die pers\u00f6nlichen Informationen, die sie in ihren Benutzerprofilen angeben. Alle Benutzer k\u00f6nnen jederzeit ihre pers\u00f6nlichen Informationen einsehen, ver\u00e4ndern oder l\u00f6schen (der Benutzername kann nicht ver\u00e4ndert werden). Administratoren der Website k\u00f6nnen diese Informationen ebenfalls einsehen und ver\u00e4ndern.<\/p>\n<h2>Welche Rechte Sie an Ihren Daten haben<\/h2>\n<p>Wenn Sie ein Konto auf dieser Website besitzen oder Kommentare geschrieben haben, k\u00f6nnen Sie einen Export Ihrer personenbezogenen Daten bei uns anfordern, inklusive aller Daten, die Sie uns mitgeteilt haben. Dar\u00fcber hinaus k\u00f6nnen Sie die L\u00f6schung aller personenbezogenen Daten, die wir von Ihnen gespeichert haben, anfordern. Dies umfasst nicht die Daten, die wir aufgrund administrativer, rechtlicher oder sicherheitsrelevanter Notwendigkeiten aufbewahren m\u00fcssen.<\/p>\n<p><strong>Auskunft, Sperrung, L\u00f6schung<\/strong><br \/>\nSie haben jederzeit das Recht unentgeltlich Auskunft \u00fcber Herkunft, Empf\u00e4nger und Zweck Ihrer gespeicherten personenbezogenen Daten zu erhalten. Sie haben au\u00dferdem das Recht, die Berichtigung, Sperrung oder L\u00f6schung Ihrer Daten zu verlangen. Des Weiteren steht Ihnen ein Beschwerderecht bei der zust\u00e4ndigen Aufsichtsbeh\u00f6rde zu.<\/p>\n<p><strong>Widerruf Ihrer Einwilligung zur Datenverarbeitung<\/strong><br \/>\nViele Datenverarbeitungsvorg\u00e4nge sind nur mit Ihrer ausdr\u00fccklichen Einwilligung m\u00f6glich. Sie k\u00f6nnen eine bereits erteilte Einwilligung jederzeit widerrufen. Dazu reicht eine formlose Mitteilung per E-Mail an uns. Die Rechtm\u00e4\u00dfigkeit der bis zum Widerruf erfolgten Datenverarbeitung bleibt vom Widerruf unber\u00fchrt.<\/p>\n<p><strong>Beschwerderecht bei der zust\u00e4ndigen Aufsichtsbeh\u00f6rde<\/strong><br \/>\nIm Falle datenschutzrechtlicher Verst\u00f6\u00dfe steht dem Betroffenen ein Beschwerderecht bei der zust\u00e4ndigen Aufsichtsbeh\u00f6rde zu. Die Beschwerde kann \u00fcber den Link https:\/\/www.lda.bayern.de\/de\/beschwerde.html an die zust\u00e4ndigen Landesdatenschutz-beauftragten der Aufsichtsbeh\u00f6rde in Bayern erfolgen.<br \/>\nRecht auf Daten\u00fcbertragbarkeit Sie haben das Recht, Daten, die wir auf Grundlage Ihrer Einwilligung oder in Erf\u00fcllung eines Vertrags automatisiert verarbeiten, an sich oder an einen Dritten in einem g\u00e4ngigen, maschinenlesbaren Format aush\u00e4ndigen zu lassen. Sofern Sie die direkte \u00dcbertragung der Daten an einen anderen Verantwortlichen verlangen, erfolgt dies nur, soweit es technisch machbar ist.<\/p>\n<p><strong>SSL- bzw. TLS-Verschl\u00fcsselung<\/strong><br \/>\nDiese Seite nutzt aus Sicherheitsgr\u00fcnden und zum Schutz der \u00dcbertragung vertraulicher Inhalte, wie zum Beispiel Bestellungen oder Anfragen, die Sie an uns als Seitenbetreiber senden, eine SSL-bzw. TLS-Verschl\u00fcsselung. Eine verschl\u00fcsselte Verbindung erkennen Sie daran, dass die Adresszeile des Browsers von \u201chttp:\/\/\u201d auf \u201chttps:\/\/\u201d wechselt und an dem Schloss-Symbol in Ihrer Browserzeile. Wenn die SSL- bzw. TLS-Verschl\u00fcsselung aktiviert ist, k\u00f6nnen die Daten, die Sie an uns \u00fcbermitteln, nicht von Dritten mitgelesen werden.<\/p>\n<h2>Wohin wir Ihre Daten senden<\/h2>\n<p>Besucher-Kommentare k\u00f6nnten von einem automatisierten Dienst zur Spam-Erkennung untersucht werden.<\/p>\n<h3>Von welchen Drittanbietern wir Daten erhalten<\/h3>\n<p>Wir verwenden keine Analyse-Tools und Tools von Drittanbietern.<\/p>\n<h3><\/h3>\n","protected":false},"excerpt":{"rendered":"<p>Wer wir sind Die Adresse unserer Website ist: https:\/\/www.amrc-keller.de. Welche personenbezogenen Daten wir sammeln und warum wir sie sammeln Allgemeine Hinweise Nachfolgend m\u00f6chten wir Sie \u00fcber die Art, den Umfang und die Zwecke der Erhebung und Verwendung Ihrer personenbezogenen Daten auf unserer Webseite informieren. Wir behandeln personenbezogene Daten gem\u00e4\u00df dieser Datenschutzerkl\u00e4rung und der gesetzlichen Vorschriften &hellip; <a href=\"https:\/\/www.amrc-keller.de\/?page_id=1252\" class=\"more-link\"><span class=\"screen-reader-text\">Datenschutzerkl\u00e4rung<\/span> weiterlesen <span class=\"meta-nav\">&rarr;<\/span><\/a><\/p>\n","protected":false},"author":1,"featured_media":0,"parent":0,"menu_order":0,"comment_status":"closed","ping_status":"closed","template":"","meta":{"footnotes":""},"class_list":["post-1252","page","type-page","status-publish","hentry"],"_links":{"self":[{"href":"https:\/\/www.amrc-keller.de\/index.php?rest_route=\/wp\/v2\/pages\/1252","targetHints":{"allow":["GET"]}}],"collection":[{"href":"https:\/\/www.amrc-keller.de\/index.php?rest_route=\/wp\/v2\/pages"}],"about":[{"href":"https:\/\/www.amrc-keller.de\/index.php?rest_route=\/wp\/v2\/types\/page"}],"author":[{"embeddable":true,"href":"https:\/\/www.amrc-keller.de\/index.php?rest_route=\/wp\/v2\/users\/1"}],"replies":[{"embeddable":true,"href":"https:\/\/www.amrc-keller.de\/index.php?rest_route=%2Fwp%2Fv2%2Fcomments&post=1252"}],"version-history":[{"count":5,"href":"https:\/\/www.amrc-keller.de\/index.php?rest_route=\/wp\/v2\/pages\/1252\/revisions"}],"predecessor-version":[{"id":1272,"href":"https:\/\/www.amrc-keller.de\/index.php?rest_route=\/wp\/v2\/pages\/1252\/revisions\/1272"}],"wp:attachment":[{"href":"https:\/\/www.amrc-keller.de\/index.php?rest_route=%2Fwp%2Fv2%2Fmedia&parent=1252"}],"curies":[{"name":"wp","href":"https:\/\/api.w.org\/{rel}","templated":true}]}}