{"id":154,"date":"2014-09-14T23:11:05","date_gmt":"2014-09-14T21:11:05","guid":{"rendered":"http:\/\/www.amrc-keller.de\/wp\/?page_id=154"},"modified":"2023-03-12T16:53:25","modified_gmt":"2023-03-12T14:53:25","slug":"bekleidung","status":"publish","type":"page","link":"https:\/\/www.amrc-keller.de\/?page_id=154","title":{"rendered":"Bekleidung"},"content":{"rendered":"<div class=\"wpb-content-wrapper\"><p>[vc_row][vc_column width=&#8220;2\/3&#8243;][vc_column_text]<\/p>\n<h4>Motorradbekleidung &#8211; von A bis Z<\/h4>\n<p>Du suchst einen neue Motorradhose oder -jacke? Oder Motorradhandschuhe?<\/p>\n<div class=\"sidepictureright\">\n<p>Motorradklamotten von Kopf bis Fu\u00df, f\u00fcr gro\u00df und klein, f\u00fcr <b>Sie<\/b> und <b>Ihn<\/b> ohne langes rumsuchen. Bei uns bekommst Du nicht nur eine individuelle Fachberatung, sondern auch die passende, qualitativ hochwertige Motorradbekleidung. <b>Und das zum fairen Preis! <\/b><\/p>\n<\/div>\n<p>[\/vc_column_text][\/vc_column][vc_column width=&#8220;1\/3&#8243;][vc_single_image image=&#8220;291&#8243; img_size=&#8220;300&#8243; alignment=&#8220;center&#8220;][\/vc_column][\/vc_row][vc_row][vc_column width=&#8220;1\/4&#8243;][vc_single_image image=&#8220;290&#8243; img_size=&#8220;300&#8243; alignment=&#8220;center&#8220;][\/vc_column][vc_column width=&#8220;3\/4&#8243;][vc_column_text]<\/p>\n<h4>Verschiedene Geschm\u00e4cker, verschiedene Trends!<\/h4>\n<div class=\"sidepictureright\">\n<p>Egal ob es sandfarbene Motorradstiefel f\u00fcr ein Tourenbike, eine coole Sonnenbrille f\u00fcr &#8217;nen Chopper oder ein gelber Motorradkombi f\u00fcr den Supersportler sein soll. Alles, was Du brauchst um auf Deinem Bike eine gute Figur zu machen. Wir haben&#8217;s! Die neuen Kollektionen sind bereits eingetroffen, reinschauen und anprobieren lohnt sich auf jeden Fall. <b>Wir freuen uns auf Deinen Besuch!<\/b><\/p>\n<\/div>\n<p>[\/vc_column_text][\/vc_column][\/vc_row][vc_row][vc_column][vc_column_text]<\/p>\n<h4>Motorradjacke ist nicht gleich Motorradjacke?<\/h4>\n<div class=\"sidepictureright\">\n<p><b>Genau!<\/b> Wer bei der Motorradbekleidung am falschen Ende spart, riskiert es einmal teuer bezahlen zu m\u00fcssen. Sp\u00e4testens wenn&#8217;s drauf ankommt zeigt sich, ob die Motorradbekleidung die n\u00f6tige Schutzwirkung gebracht hat.<\/p>\n<p>Damit es kein b\u00f6ses Erwachen gibt, setzen wir gleich auf bekannte Markenhersteller, die wir aufgrund der langj\u00e4hrigen Erfahrung auch beruhigt empfehlen k\u00f6nnen.<\/p>\n<\/div>\n<p>[\/vc_column_text][\/vc_column][\/vc_row][vc_row][vc_column width=&#8220;2\/3&#8243;][vc_column_text]<\/p>\n<h4>Bestellungen \u00a0\u00fcber uns ganz einfach :<\/h4>\n<p>Artikelnummer per <strong>E-Mail<\/strong>, per <strong>Telefon <\/strong>oder<strong> Fax <\/strong>an uns weiterleiten, wir erledigen dann den Rest.<\/p>\n<p>Ben\u00f6tigen Sie Hilfe oder mehr Information zu einem Ersatzteil oder Zubeh\u00f6r, dann rufen Sie uns an<strong>,<\/strong> wir beraten Sie gerne!<\/p>\n<p>Bestellungen oder Anfragen bitte an folgende Mailadresse richten:<br \/>\n<a title=\"info@motorrad-keller.de\" href=\"mailto:info@motorrad-keller.de\" target=\"_blank\" rel=\"noopener\">info@motorrad-keller.de<\/a><\/p>\n<p><strong>Telefon :\u00a0<\/strong>09732 2215<br \/>\n<strong>Fax<\/strong> : 09732 3818[\/vc_column_text][\/vc_column][vc_column width=&#8220;1\/3&#8243;][vc_single_image image=&#8220;567&#8243; img_size=&#8220;300&#8243; alignment=&#8220;center&#8220;][vc_column_text]<\/p>\n<h4>Hier gehts zu den Katalogen von:<\/h4>\n<ul>\n<li><a href=\"https:\/\/www.bike-mailorder.de\/moto\/\" target=\"_blank\" rel=\"noopener\">IXS Bekleidung (online)<\/a><\/li>\n<li><a href=\"http:\/\/www.germas.de\/Home.html\" target=\"_blank\" rel=\"noopener\">GERMAS\u00a0<\/a><\/li>\n<li><a href=\"https:\/\/www.germot.de\/\" target=\"_blank\" rel=\"noopener\">Germot<\/a><\/li>\n<li><a href=\"http:\/\/shop-motorrad.suzuki.de\/\" target=\"_blank\" rel=\"noopener\">Suzuki<\/a><\/li>\n<\/ul>\n<p>[\/vc_column_text][\/vc_column][\/vc_row][vc_row][vc_column][vc_column_text]<\/p>\n<h3 style=\"text-align: center;\">Oder besuchen Sie unseren<br \/>\neigenen Web-Shop unter<\/h3>\n<h3 style=\"text-align: center;\"><strong><a title=\"Online - Shop Keller\" href=\"http:\/\/shop.amrc-keller.de\/\" target=\"_blank\" rel=\"noopener\">http:\/\/shop.amrc-keller.de\/<\/a><\/strong><\/h3>\n<p>[\/vc_column_text][\/vc_column][\/vc_row][vc_row][vc_column][\/vc_column][\/vc_row]<\/p>\n<\/div>","protected":false},"excerpt":{"rendered":"<p>[vc_row][vc_column width=&#8220;2\/3&#8243;][vc_column_text] Motorradbekleidung &#8211; von A bis Z Du suchst einen neue Motorradhose oder -jacke? Oder Motorradhandschuhe? Motorradklamotten von Kopf bis Fu\u00df, f\u00fcr gro\u00df und klein, f\u00fcr Sie und Ihn ohne langes rumsuchen. Bei uns bekommst Du nicht nur eine individuelle Fachberatung, sondern auch die passende, qualitativ hochwertige Motorradbekleidung. Und das zum fairen Preis! [\/vc_column_text][\/vc_column][vc_column &hellip; <a href=\"https:\/\/www.amrc-keller.de\/?page_id=154\" class=\"more-link\"><span class=\"screen-reader-text\">Bekleidung<\/span> weiterlesen <span class=\"meta-nav\">&rarr;<\/span><\/a><\/p>\n","protected":false},"author":1,"featured_media":0,"parent":0,"menu_order":0,"comment_status":"open","ping_status":"open","template":"","meta":{"footnotes":""},"class_list":["post-154","page","type-page","status-publish","hentry"],"_links":{"self":[{"href":"https:\/\/www.amrc-keller.de\/index.php?rest_route=\/wp\/v2\/pages\/154","targetHints":{"allow":["GET"]}}],"collection":[{"href":"https:\/\/www.amrc-keller.de\/index.php?rest_route=\/wp\/v2\/pages"}],"about":[{"href":"https:\/\/www.amrc-keller.de\/index.php?rest_route=\/wp\/v2\/types\/page"}],"author":[{"embeddable":true,"href":"https:\/\/www.amrc-keller.de\/index.php?rest_route=\/wp\/v2\/users\/1"}],"replies":[{"embeddable":true,"href":"https:\/\/www.amrc-keller.de\/index.php?rest_route=%2Fwp%2Fv2%2Fcomments&post=154"}],"version-history":[{"count":31,"href":"https:\/\/www.amrc-keller.de\/index.php?rest_route=\/wp\/v2\/pages\/154\/revisions"}],"predecessor-version":[{"id":165,"href":"https:\/\/www.amrc-keller.de\/index.php?rest_route=\/wp\/v2\/pages\/154\/revisions\/165"}],"wp:attachment":[{"href":"https:\/\/www.amrc-keller.de\/index.php?rest_route=%2Fwp%2Fv2%2Fmedia&parent=154"}],"curies":[{"name":"wp","href":"https:\/\/api.w.org\/{rel}","templated":true}]}}