{"id":157,"date":"2014-09-14T23:14:13","date_gmt":"2014-09-14T21:14:13","guid":{"rendered":"http:\/\/www.amrc-keller.de\/wp\/?page_id=157"},"modified":"2015-03-29T22:00:45","modified_gmt":"2015-03-29T20:00:45","slug":"serviceangebot","status":"publish","type":"page","link":"https:\/\/www.amrc-keller.de\/?page_id=157","title":{"rendered":"Serviceangebot"},"content":{"rendered":"<h4>Service<\/h4>\n<div class=\"paragraph\">\n<p>Auf den folgenden Seiten k\u00f6nnen Sie sich einen \u00dcberblick \u00fcber unser umfassendes Serviceangebot machen.<\/p>\n<\/div>\n<div class=\"paragraph\">\n<div class=\"teaser\">\n<div class=\"teaserelement\">\n<p class=\"teasertext\"><a class=\"teaserlink\" title=\"Reparaturen\" href=\"https:\/\/www.amrc-keller.de\/?page_id=181\">Reparaturen<\/a><\/p>\n<p class=\"teasertext\"><a class=\"teaserlink\" title=\"Bremsenservice\" href=\"https:\/\/www.amrc-keller.de\/?page_id=187\">Bremsenservice<\/a><\/p>\n<p class=\"teasertext\"><a class=\"teaserlink\" title=\"Inspektion\" href=\"https:\/\/www.amrc-keller.de\/?page_id=190\">Inspektion<\/a><\/p>\n<p class=\"teasertext\"><a class=\"teaserlink\" title=\"HU &amp; AU\" href=\"https:\/\/www.amrc-keller.de\/?page_id=192\">HU &amp; AU<\/a><\/p>\n<p class=\"teasertext\"><a class=\"teaserlink\" title=\"Unfallinstandsetzung\" href=\"https:\/\/www.amrc-keller.de\/?page_id=195\">Unfall-Instandsetzung<\/a><\/p>\n<p class=\"teasertext\"><a title=\"Elektronik-Diagnose\" href=\"https:\/\/www.amrc-keller.de\/?page_id=198\">Elektronik-Diagnose<\/a><\/p>\n<\/div>\n<\/div>\n<\/div>\n","protected":false},"excerpt":{"rendered":"<p>Service Auf den folgenden Seiten k\u00f6nnen Sie sich einen \u00dcberblick \u00fcber unser umfassendes Serviceangebot machen. Reparaturen Bremsenservice Inspektion HU &amp; AU Unfall-Instandsetzung Elektronik-Diagnose<\/p>\n","protected":false},"author":1,"featured_media":0,"parent":0,"menu_order":0,"comment_status":"open","ping_status":"open","template":"","meta":{"footnotes":""},"class_list":["post-157","page","type-page","status-publish","hentry"],"_links":{"self":[{"href":"https:\/\/www.amrc-keller.de\/index.php?rest_route=\/wp\/v2\/pages\/157","targetHints":{"allow":["GET"]}}],"collection":[{"href":"https:\/\/www.amrc-keller.de\/index.php?rest_route=\/wp\/v2\/pages"}],"about":[{"href":"https:\/\/www.amrc-keller.de\/index.php?rest_route=\/wp\/v2\/types\/page"}],"author":[{"embeddable":true,"href":"https:\/\/www.amrc-keller.de\/index.php?rest_route=\/wp\/v2\/users\/1"}],"replies":[{"embeddable":true,"href":"https:\/\/www.amrc-keller.de\/index.php?rest_route=%2Fwp%2Fv2%2Fcomments&post=157"}],"version-history":[{"count":5,"href":"https:\/\/www.amrc-keller.de\/index.php?rest_route=\/wp\/v2\/pages\/157\/revisions"}],"predecessor-version":[{"id":350,"href":"https:\/\/www.amrc-keller.de\/index.php?rest_route=\/wp\/v2\/pages\/157\/revisions\/350"}],"wp:attachment":[{"href":"https:\/\/www.amrc-keller.de\/index.php?rest_route=%2Fwp%2Fv2%2Fmedia&parent=157"}],"curies":[{"name":"wp","href":"https:\/\/api.w.org\/{rel}","templated":true}]}}