{"id":16,"date":"2014-09-14T15:05:00","date_gmt":"2014-09-14T13:05:00","guid":{"rendered":"http:\/\/www.amrc-keller.de\/wp\/?page_id=16"},"modified":"2023-04-05T08:36:29","modified_gmt":"2023-04-05T06:36:29","slug":"aktuelles","status":"publish","type":"page","link":"https:\/\/www.amrc-keller.de\/?page_id=16","title":{"rendered":"Aktuelles"},"content":{"rendered":"\r\n<h2>\u00a0<\/h2>\r\n<h2>\u00a0<\/h2>\r\n<h2><a href=\"https:\/\/motorrad.suzuki.de\/modelle\/adventure\/v-strom-1050de\"><span style=\"color: #ff0000;\"><img loading=\"lazy\" decoding=\"async\" class=\"size-full wp-image-1752 aligncenter\" src=\"https:\/\/www.amrc-keller.de\/wp-content\/uploads\/2023\/04\/Freisteller_V-Strom1050DE_gelb-Kopie.original.png\" alt=\"\" width=\"1390\" height=\"1428\" srcset=\"https:\/\/www.amrc-keller.de\/wp-content\/uploads\/2023\/04\/Freisteller_V-Strom1050DE_gelb-Kopie.original.png 1390w, https:\/\/www.amrc-keller.de\/wp-content\/uploads\/2023\/04\/Freisteller_V-Strom1050DE_gelb-Kopie.original-292x300.png 292w, https:\/\/www.amrc-keller.de\/wp-content\/uploads\/2023\/04\/Freisteller_V-Strom1050DE_gelb-Kopie.original-997x1024.png 997w, https:\/\/www.amrc-keller.de\/wp-content\/uploads\/2023\/04\/Freisteller_V-Strom1050DE_gelb-Kopie.original-768x789.png 768w\" sizes=\"auto, (max-width: 1390px) 100vw, 1390px\" \/><\/span><span style=\"color: #000000;\">Mehr Infos hier<\/span><\/a><\/h2>\r\n<p style=\"text-align: center;\">Wo f\u00e4ngt Deine Freiheit an? Wo die Stra\u00dfen enden und die Cross-Country Trails beginnen? Wo Zuverl\u00e4ssigkeit z\u00e4hlt und echte Gel\u00e4ndetauglichkeit? Sag \u201eHallo\u201c zur offroadigsten V-Strom aller Zeiten, die V-Strom 1050DE (Dual Explorer).<\/p>\r\n<p><img loading=\"lazy\" decoding=\"async\" class=\"alignnone size-full wp-image-1768\" src=\"https:\/\/www.amrc-keller.de\/wp-content\/uploads\/2023\/04\/Stage_DL800DERCM3_YU1_right.orig_.png\" alt=\"\" width=\"1390\" height=\"1428\" srcset=\"https:\/\/www.amrc-keller.de\/wp-content\/uploads\/2023\/04\/Stage_DL800DERCM3_YU1_right.orig_.png 1390w, https:\/\/www.amrc-keller.de\/wp-content\/uploads\/2023\/04\/Stage_DL800DERCM3_YU1_right.orig_-292x300.png 292w, https:\/\/www.amrc-keller.de\/wp-content\/uploads\/2023\/04\/Stage_DL800DERCM3_YU1_right.orig_-997x1024.png 997w, https:\/\/www.amrc-keller.de\/wp-content\/uploads\/2023\/04\/Stage_DL800DERCM3_YU1_right.orig_-768x789.png 768w\" sizes=\"auto, (max-width: 1390px) 100vw, 1390px\" \/><\/p>\r\n<div>\u00a0<\/div>\r\n<div><a href=\"https:\/\/motorrad.suzuki.de\/modelle\/adventure\/v-strom-800de\">Mehr Infos hier<\/a><\/div>\r\n<div>\u00a0<\/div>\r\n<div>Erlebe puren Adventure-Spirit auf allen Wegen. Mal kurz in die City abbiegen, einen l\u00e4ngeren Ride \u00fcber Land genie\u00dfen oder anspruchsvolle Trails erkunden? Der kraftvolle Beat des brandneuen Zweizylinders feuert Dich \u00fcberall an.<\/div>\r\n<div>\u00a0<\/div>\r\n<div>\u00a0<\/div>\r\n<div>\u00a0<\/div>\r\n<div>\u00a0<\/div>\r\n<div>\u00a0<\/div>\r\n<div class=\"background-options\"><a href=\"https:\/\/motorrad.suzuki.de\/modelle\/street\/gsx-8s\"><img loading=\"lazy\" decoding=\"async\" class=\"size-full wp-image-1758 alignleft\" src=\"https:\/\/www.amrc-keller.de\/wp-content\/uploads\/2023\/04\/Stage_GSX800RQM3_QU1_right.original.png\" alt=\"\" width=\"1390\" height=\"1428\" srcset=\"https:\/\/www.amrc-keller.de\/wp-content\/uploads\/2023\/04\/Stage_GSX800RQM3_QU1_right.original.png 1390w, https:\/\/www.amrc-keller.de\/wp-content\/uploads\/2023\/04\/Stage_GSX800RQM3_QU1_right.original-292x300.png 292w, https:\/\/www.amrc-keller.de\/wp-content\/uploads\/2023\/04\/Stage_GSX800RQM3_QU1_right.original-997x1024.png 997w, https:\/\/www.amrc-keller.de\/wp-content\/uploads\/2023\/04\/Stage_GSX800RQM3_QU1_right.original-768x789.png 768w\" sizes=\"auto, (max-width: 1390px) 100vw, 1390px\" \/><\/a><\/div>\r\n<div class=\"tile-content\">\r\n<h5><a href=\"https:\/\/motorrad.suzuki.de\/modelle\/street\/gsx-8s\">Mehr Infos hier<\/a><\/h5>\r\n<h5>Die GSX-8S ist der Streetfighter einer neuen \u00c4ra. Funktionales Design trifft auf futuristisches Styling und die Performance eines komplett neuen Motors. Nutze das Potenzial und erlebe grenzenlosen Fahrspa\u00df!<\/h5>\r\n<h4><img loading=\"lazy\" decoding=\"async\" class=\"alignnone size-full wp-image-1762\" src=\"https:\/\/www.amrc-keller.de\/wp-content\/uploads\/2023\/04\/burgman125m3_stage_01_ywc.original.png\" alt=\"\" width=\"1390\" height=\"1428\" srcset=\"https:\/\/www.amrc-keller.de\/wp-content\/uploads\/2023\/04\/burgman125m3_stage_01_ywc.original.png 1390w, https:\/\/www.amrc-keller.de\/wp-content\/uploads\/2023\/04\/burgman125m3_stage_01_ywc.original-292x300.png 292w, https:\/\/www.amrc-keller.de\/wp-content\/uploads\/2023\/04\/burgman125m3_stage_01_ywc.original-997x1024.png 997w, https:\/\/www.amrc-keller.de\/wp-content\/uploads\/2023\/04\/burgman125m3_stage_01_ywc.original-768x789.png 768w\" sizes=\"auto, (max-width: 1390px) 100vw, 1390px\" \/><\/h4>\r\n<p>&nbsp;<\/p>\r\n<\/div>\r\n<p><a href=\"https:\/\/motorrad.suzuki.de\/modelle\/scooter\/burgman-125-ex\">Mehr Infos hier<\/a><\/p>\r\n<h4>Faszinierende Optik und Technik, die neue Ma\u00dfst\u00e4be setzt \u2013 das j\u00fcngste Mitglied der BURGMAN Familie f\u00e4hrt sich direkt in Dein Herz. Warum nicht mal andere Verkehrsmittel stehen lassen, wenn Scootern so viel Sinn und Spa\u00df macht<\/h4>\r\n<p><img loading=\"lazy\" decoding=\"async\" class=\"alignnone size-full wp-image-1764\" src=\"https:\/\/www.amrc-keller.de\/wp-content\/uploads\/2023\/04\/avenis125m3_stage_01_a8d.original.png\" alt=\"\" width=\"1390\" height=\"1428\" srcset=\"https:\/\/www.amrc-keller.de\/wp-content\/uploads\/2023\/04\/avenis125m3_stage_01_a8d.original.png 1390w, https:\/\/www.amrc-keller.de\/wp-content\/uploads\/2023\/04\/avenis125m3_stage_01_a8d.original-292x300.png 292w, https:\/\/www.amrc-keller.de\/wp-content\/uploads\/2023\/04\/avenis125m3_stage_01_a8d.original-997x1024.png 997w, https:\/\/www.amrc-keller.de\/wp-content\/uploads\/2023\/04\/avenis125m3_stage_01_a8d.original-768x789.png 768w\" sizes=\"auto, (max-width: 1390px) 100vw, 1390px\" \/><\/p>\r\n<h6><a href=\"https:\/\/motorrad.suzuki.de\/modelle\/scooter\/avenis-125\">Mehr Infos hier<\/a><\/h6>\r\n<p>Im Scooter-Konzept steckt eine Menge Sportlichkeit, was der Avenis 125 von vorne bis hinten beweist: markante LED-Leuchten, keilf\u00f6rmiges Heck, hochgezogener Endschalld\u00e4mpfer \u2013 sieht flott aus und f\u00fchlt sich auf der Stra\u00dfe auch so an.<\/p>\r\n<h4><img loading=\"lazy\" decoding=\"async\" class=\"alignnone size-full wp-image-1766\" src=\"https:\/\/www.amrc-keller.de\/wp-content\/uploads\/2023\/04\/address125m3_stage_01_qtz.original.png\" alt=\"\" width=\"1390\" height=\"1428\" srcset=\"https:\/\/www.amrc-keller.de\/wp-content\/uploads\/2023\/04\/address125m3_stage_01_qtz.original.png 1390w, https:\/\/www.amrc-keller.de\/wp-content\/uploads\/2023\/04\/address125m3_stage_01_qtz.original-292x300.png 292w, https:\/\/www.amrc-keller.de\/wp-content\/uploads\/2023\/04\/address125m3_stage_01_qtz.original-997x1024.png 997w, https:\/\/www.amrc-keller.de\/wp-content\/uploads\/2023\/04\/address125m3_stage_01_qtz.original-768x789.png 768w\" sizes=\"auto, (max-width: 1390px) 100vw, 1390px\" \/><\/h4>\r\n<h4><span style=\"color: #ff0000;\"><span style=\"color: #339966;\">\u00a0<a href=\"https:\/\/motorrad.suzuki.de\/modelle\/scooter\/address-125\">Mehr Infos hier<\/a><\/span><\/span><\/h4>\r\n<h4>Du stehst auf den klassischen Scooter-Look? Mit der Scheinwerfer-Einheit im Lenker und geschwungenen Linien? Klasse Idee, besonders wenn unter der sch\u00f6nen H\u00fclle zuverl\u00e4ssige Technik steckt. Das ist die Idee des Address 125.<\/h4>\r\n<p>&nbsp;<\/p>\r\n<p>&nbsp;<\/p>\r\n<h1><span style=\"color: #ff0000;\"><em><strong>Moto Guzzi<\/strong><\/em><\/span><\/h1>\r\n<h1 class=\"hero-heading__content__title\">V7<\/h1>\r\n<pre id=\"tw-target-text\" class=\"tw-data-text tw-ta tw-text-small\" dir=\"ltr\" data-placeholder=\"\u00dcbersetzung\" data-fulltext=\"\"><img loading=\"lazy\" decoding=\"async\" class=\"alignnone size-full wp-image-1770\" src=\"https:\/\/www.amrc-keller.de\/wp-content\/uploads\/2023\/04\/V7_Spezial_Edition.webp\" alt=\"\" width=\"1500\" height=\"1000\" srcset=\"https:\/\/www.amrc-keller.de\/wp-content\/uploads\/2023\/04\/V7_Spezial_Edition.webp 1500w, https:\/\/www.amrc-keller.de\/wp-content\/uploads\/2023\/04\/V7_Spezial_Edition-300x200.webp 300w, https:\/\/www.amrc-keller.de\/wp-content\/uploads\/2023\/04\/V7_Spezial_Edition-1024x683.webp 1024w, https:\/\/www.amrc-keller.de\/wp-content\/uploads\/2023\/04\/V7_Spezial_Edition-768x512.webp 768w\" sizes=\"auto, (max-width: 1500px) 100vw, 1500px\" \/><br \/><br \/><a href=\"https:\/\/www.motoguzzi.com\/de_DE\/modelle\/v7\/\">Mehr Infos hier<\/a><br \/><br \/>Die V7-Familie bekommt Zuwachs mit einer neuen Special Edition. Die\u00a0<strong>neue V7 Stone<\/strong>\u00a0pr\u00e4sentiert sich in einer klassisch-sportlichen\u00a0<strong>Special Edition,<\/strong> die der neuen Generation noch mehr Charakter in puncto Design und Leistung verleiht und eine legend\u00e4re Sportgeschichte feiert<\/pre>\r\n<pre id=\"tw-target-text\" class=\"tw-data-text tw-ta tw-text-small\" dir=\"ltr\" data-placeholder=\"\u00dcbersetzung\" data-fulltext=\"\">\u00a0<\/pre>\r\n<p><span style=\"font-size: 26px; font-weight: bold; color: #000000;\">V100<\/span><\/p>\r\n<p><img loading=\"lazy\" decoding=\"async\" class=\"alignnone size-full wp-image-1774\" src=\"https:\/\/www.amrc-keller.de\/wp-content\/uploads\/2023\/04\/Moto_Guzzi_V_100_Mandello_rot.jp_.jpg\" alt=\"\" width=\"1500\" height=\"1000\" srcset=\"https:\/\/www.amrc-keller.de\/wp-content\/uploads\/2023\/04\/Moto_Guzzi_V_100_Mandello_rot.jp_.jpg 1500w, https:\/\/www.amrc-keller.de\/wp-content\/uploads\/2023\/04\/Moto_Guzzi_V_100_Mandello_rot.jp_-300x200.jpg 300w, https:\/\/www.amrc-keller.de\/wp-content\/uploads\/2023\/04\/Moto_Guzzi_V_100_Mandello_rot.jp_-1024x683.jpg 1024w, https:\/\/www.amrc-keller.de\/wp-content\/uploads\/2023\/04\/Moto_Guzzi_V_100_Mandello_rot.jp_-768x512.jpg 768w\" sizes=\"auto, (max-width: 1500px) 100vw, 1500px\" \/><\/p>\r\n<p><a href=\"https:\/\/www.motoguzzi.com\/de_DE\/modelle\/v100\/\">Mehr Infos hier<\/a><\/p>\r\n<div class=\"editorial__text text--body\">\r\n<p>Die V100 Mandello ist die perfekte Symbiose zwischen den dynamischen Qualit\u00e4ten eines\u00a0<strong>Roadsters\u00a0<\/strong>und dem Komfort eines vollwertigen\u00a0<strong>Tourers<\/strong>. Sie l\u00e4sst jede Kurve zu einem Hochgenuss werden und garantiert Fahrer und Beifahrer auch auf langen Touren ein H\u00f6chstma\u00df an Komfort. On top bietet die V100 eine Vielzahl neuester Technologien, wie das bisher einzigartige adaptive Aerodynamiksystem, die einen einzigartigen Schritt in die Zukunft ank\u00fcndigen.<\/p>\r\n<\/div>\r\n<p>&nbsp;<\/p>\r\n<p>&nbsp;<\/p>\r\n<h1 class=\"hero-heading__content__title\">V85 TT<\/h1>\r\n<h4><img loading=\"lazy\" decoding=\"async\" class=\"alignnone size-full wp-image-1777\" src=\"https:\/\/www.amrc-keller.de\/wp-content\/uploads\/2023\/04\/v85tt1-m.webp\" alt=\"\" width=\"1500\" height=\"1000\" srcset=\"https:\/\/www.amrc-keller.de\/wp-content\/uploads\/2023\/04\/v85tt1-m.webp 1500w, https:\/\/www.amrc-keller.de\/wp-content\/uploads\/2023\/04\/v85tt1-m-300x200.webp 300w, https:\/\/www.amrc-keller.de\/wp-content\/uploads\/2023\/04\/v85tt1-m-1024x683.webp 1024w, https:\/\/www.amrc-keller.de\/wp-content\/uploads\/2023\/04\/v85tt1-m-768x512.webp 768w\" sizes=\"auto, (max-width: 1500px) 100vw, 1500px\" \/><a href=\"https:\/\/www.motoguzzi.com\/de_DE\/modelle\/v85-tt\/\">Mehr Infos hier<\/a>\u00a0 \u00a0 \u00a0 \u00a0 \u00a0 \u00a0<\/h4>\r\n<h4>\u00a0 \u00a0 \u00a0<\/h4>\r\n<h2 class=\"editorial__title text--heading-l\">TRAUM AUF ZWEI R\u00c4DERN<\/h2>\r\n<div class=\"editorial__text text--body\">\r\n<p>Sie sind ein Traum auf zwei R\u00e4dern, anders kann man die V85 TT und V85 TT Travel nicht bezeichnen. Der Euro 5-konforme 90\u00b0-V2-Motor, jetzt mit noch mehr Drehmoment im unteren und mittleren Drehzahlbereich, hat an Kraft und Elastizit\u00e4t zugelegt. Passend zu Ihrem individuellen Fahrstil und der Fahrsituation k\u00f6nnen Sie zwischen f\u00fcnf Fahrmodi w\u00e4hlen. Dazu rollt die V85 TT 2021 auf neuen Speichenr\u00e4dern mit schlauchlosen Reifen. Ihre Farben und eine neue Grafik betonen die Linien und Kurven, machen die V85 TT zum Blickfang. Stets bereit f\u00fcr kleine und gro\u00dfe Abenteuer, f\u00fcr einen Ritt zu Ihrem Lieblings-Italiener, wird ein kurzer Blick auf Ihre V85 TT Sie \u00fcberzeugen, um mit ihr die Zeit, Motorradfahren in seiner sch\u00f6nsten Form, zu genie\u00dfen.<\/p>\r\n<\/div>\r\n<h4>\u00a0 \u00a0 \u00a0 \u00a0<\/h4>\r\n<h1>\u00a0<\/h1>\r\n<h2 style=\"text-align: center;\">\u00a0<\/h2>\r\n<p>&nbsp;<\/p>\r\n<p>&nbsp;<\/p>\r\n<h2 style=\"text-align: center;\">\u00a0<\/h2>\r\n<p>&nbsp;<\/p>\r\n<p>&nbsp;<\/p>\r\n<p>&nbsp;<\/p>\r\n<p style=\"text-align: center;\">&#8212;<\/p>\r\n<p>&nbsp;<\/p>\r\n<h2 style=\"text-align: center;\"><em><strong><a href=\"https:\/\/motorrad.suzuki.de\/street\/gsx-s750-2020\" target=\"_blank\" rel=\"noopener noreferrer\">\u00a0<\/a><\/strong><\/em><\/h2>\r\n<h2 style=\"text-align: center;\">\u00a0<\/h2>\r\n<p>&nbsp;<\/p>\r\n<p>&nbsp;<\/p>\r\n<h2 style=\"text-align: center;\">\u00a0<\/h2>\r\n<h2 style=\"text-align: center;\">\u00a0<\/h2>\r\n<h2 style=\"text-align: center;\">\u00a0<\/h2>","protected":false},"excerpt":{"rendered":"<p>\u00a0 \u00a0 Mehr Infos hier Wo f\u00e4ngt Deine Freiheit an? Wo die Stra\u00dfen enden und die Cross-Country Trails beginnen? Wo Zuverl\u00e4ssigkeit z\u00e4hlt und echte Gel\u00e4ndetauglichkeit? Sag \u201eHallo\u201c zur offroadigsten V-Strom aller Zeiten, die V-Strom 1050DE (Dual Explorer). \u00a0 Mehr Infos hier \u00a0 Erlebe puren Adventure-Spirit auf allen Wegen. Mal kurz in die City abbiegen, einen &hellip; <a href=\"https:\/\/www.amrc-keller.de\/?page_id=16\" class=\"more-link\"><span class=\"screen-reader-text\">Aktuelles<\/span> weiterlesen <span class=\"meta-nav\">&rarr;<\/span><\/a><\/p>\n","protected":false},"author":1,"featured_media":0,"parent":0,"menu_order":0,"comment_status":"open","ping_status":"open","template":"","meta":{"footnotes":""},"class_list":["post-16","page","type-page","status-publish","hentry"],"_links":{"self":[{"href":"https:\/\/www.amrc-keller.de\/index.php?rest_route=\/wp\/v2\/pages\/16","targetHints":{"allow":["GET"]}}],"collection":[{"href":"https:\/\/www.amrc-keller.de\/index.php?rest_route=\/wp\/v2\/pages"}],"about":[{"href":"https:\/\/www.amrc-keller.de\/index.php?rest_route=\/wp\/v2\/types\/page"}],"author":[{"embeddable":true,"href":"https:\/\/www.amrc-keller.de\/index.php?rest_route=\/wp\/v2\/users\/1"}],"replies":[{"embeddable":true,"href":"https:\/\/www.amrc-keller.de\/index.php?rest_route=%2Fwp%2Fv2%2Fcomments&post=16"}],"version-history":[{"count":300,"href":"https:\/\/www.amrc-keller.de\/index.php?rest_route=\/wp\/v2\/pages\/16\/revisions"}],"predecessor-version":[{"id":1780,"href":"https:\/\/www.amrc-keller.de\/index.php?rest_route=\/wp\/v2\/pages\/16\/revisions\/1780"}],"wp:attachment":[{"href":"https:\/\/www.amrc-keller.de\/index.php?rest_route=%2Fwp%2Fv2%2Fmedia&parent=16"}],"curies":[{"name":"wp","href":"https:\/\/api.w.org\/{rel}","templated":true}]}}