{"id":170,"date":"2014-09-14T23:43:53","date_gmt":"2014-09-14T21:43:53","guid":{"rendered":"http:\/\/www.amrc-keller.de\/wp\/?page_id=170"},"modified":"2023-03-12T16:54:40","modified_gmt":"2023-03-12T14:54:40","slug":"links","status":"publish","type":"page","link":"https:\/\/www.amrc-keller.de\/?page_id=170","title":{"rendered":"Links"},"content":{"rendered":"<div class=\"wpb-content-wrapper\"><p>[vc_row][vc_column][vc_column_text]<\/p>\n<div class=\"paragraph\">\n<h4>Bestellungen, bei uns ganz einfach :<\/h4>\n<p>Artikelnummer per E-Mail (<strong>info@amrc-keller.de<\/strong>)\u00a0oder per Telefon (<strong>09732 2215<\/strong>) an uns weiterleiten, wir erledigen dann den Rest.<\/p>\n<p>Ben\u00f6tigen Sie Hilfe oder mehr Information \u00fcber ein Ersatzteil oder Zubeh\u00f6r, dann rufen Sie uns unter <strong>09732 2215<\/strong> an, wir beraten Sie gerne.<\/p>\n<p>Oder besuchen Sie unseren <a title=\"Keller Onlineshop\" href=\"http:\/\/shop.amrc-keller.de\/\" target=\"_blank\" rel=\"noopener\">Onlineshop<\/a><\/p>\n<h4>Linksammlung<\/h4>\n<p>Hier finden Sie alle Links unserer Website in alphabetischer Reihenfolge:<\/p>\n<\/div>\n<div class=\"paragraph\">\n<ul>\n<li><a title=\"Aprilia Zubeh\u00f6r\" href=\"http:\/\/www.aprilia.ch\/de\/zubehoer\/\" target=\"_blank\" rel=\"noopener\">Aprilia Zubeh\u00f6r\u00a0<\/a><\/li>\n<li><a href=\"http:\/\/haendler.germot.de\/index.php?manufacturers_id=1\" target=\"_blank\" rel=\"noopener\">Caberg\u00a0<\/a><\/li>\n<li><a title=\"DERBI Deutschland\" href=\"http:\/\/www.derbi.com\/\" target=\"_blank\" rel=\"noopener\">DERBI<\/a><\/li>\n<li><a title=\"Gebrauchte von AMRC-Keller\" href=\"http:\/\/home.mobile.de\/AH-KELLER#ses\" target=\"_blank\" rel=\"noopener\">Gebrauchtwagen<\/a><\/li>\n<li><a title=\"Gebrauchte von AMRC-Keller\" href=\"http:\/\/home.mobile.de\/AH-KELLER#ses\" target=\"_blank\" rel=\"noopener\">Gebrauchtroller<\/a><\/li>\n<li><a title=\"Gebrauchte von AMRC-Keller\" href=\"http:\/\/home.mobile.de\/AH-KELLER#ses\" target=\"_blank\" rel=\"noopener\">Gebrauchtmotorr\u00e4der<\/a><\/li>\n<li><a href=\"http:\/\/www.germas.de\/Home.html\" target=\"_blank\" rel=\"noopener\">GERMAS\u00a0<\/a><\/li>\n<li><a title=\"Gilera\" href=\"http:\/\/www.de.gilera.com\" target=\"_blank\" rel=\"noopener\">Gilera<\/a><\/li>\n<li><a title=\"IXS Katalog online\" href=\"http:\/\/shop.hostettler.de\/\" target=\"_blank\" rel=\"noopener\">IXS Bekleidung<\/a><\/li>\n<li><a title=\"IXS Technik\" href=\"http:\/\/www.ixs-technicaldivision.de\" target=\"_blank\" rel=\"noopener\">IXS Technik<\/a><\/li>\n<li><a title=\"Moto Guzzi\" href=\"http:\/\/de.motoguzzi.it\/\" target=\"_blank\" rel=\"noopener\">Moto Guzzi<\/a><\/li>\n<li><a title=\"Biker's Profi - Die Seite f\u00fcr den Motorradfahrer\" href=\"http:\/\/www.bikersprofi.eu\/\" target=\"_blank\" rel=\"noopener\">Motorradtouren, Reisetipps, &#8230;<\/a><\/li>\n<li><a title=\"PIAGGIO\" href=\"http:\/\/www.de.piaggio.com\/\" target=\"_blank\" rel=\"noopener\">PIAGGIO<\/a><\/li>\n<li><a title=\"Piaggio APE\" href=\"http:\/\/www.de.piaggioveicolicommerciali.com\/veicolicommerciali\/DE\/de\/home.html\" target=\"_blank\" rel=\"noopener\">Piaggio APE<\/a><\/li>\n<li><a title=\"Raimunds APE Center\" href=\"http:\/\/www.raimunds-apecenter.com\/\" target=\"_blank\" rel=\"noopener\">Raimunds APE Center<\/a><\/li>\n<li><a title=\"Reifen-Freigaben f\u00fcr Motorr\u00e4der\" href=\"http:\/\/bridgestone-freigaben.motorrad-daten.de\/index.php?mode=shop_start&amp;catID=mc&amp;searchmode=\" target=\"_blank\" rel=\"noopener\">Reifen-Freigaben<\/a><\/li>\n<li><a title=\"Reifen-Technikinfos\" href=\"http:\/\/www.bridgestone-mc.de\/index.php?id=134\" target=\"_blank\" rel=\"noopener\">Reifen-Technikinfos<\/a><\/li>\n<li><a title=\"RENAULT\" href=\"http:\/\/www.renault.de\" target=\"_blank\" rel=\"noopener\">Renault<\/a><\/li>\n<li><a title=\"Suzuki Motorr\u00e4der\" href=\"http:\/\/motorrad.suzuki.de\/\" target=\"_blank\" rel=\"noopener\">Suzuki Motorr\u00e4der<\/a><\/li>\n<li><a title=\"Suzuki Roller\" href=\"http:\/\/motorrad.suzuki.de\/modelle\/scooter\" target=\"_blank\" rel=\"noopener\">Suzuki Roller<\/a><\/li>\n<li><a title=\"VESPA\" href=\"http:\/\/www.de.vespa.com\/de\/index.html\" target=\"_blank\" rel=\"noopener\">VESPA<\/a><\/li>\n<\/ul>\n<\/div>\n<p>[\/vc_column_text][\/vc_column][\/vc_row]<\/p>\n<\/div>","protected":false},"excerpt":{"rendered":"<p>[vc_row][vc_column][vc_column_text] Bestellungen, bei uns ganz einfach : Artikelnummer per E-Mail (info@amrc-keller.de)\u00a0oder per Telefon (09732 2215) an uns weiterleiten, wir erledigen dann den Rest. Ben\u00f6tigen Sie Hilfe oder mehr Information \u00fcber ein Ersatzteil oder Zubeh\u00f6r, dann rufen Sie uns unter 09732 2215 an, wir beraten Sie gerne. Oder besuchen Sie unseren Onlineshop Linksammlung Hier finden Sie &hellip; <a href=\"https:\/\/www.amrc-keller.de\/?page_id=170\" class=\"more-link\"><span class=\"screen-reader-text\">Links<\/span> weiterlesen <span class=\"meta-nav\">&rarr;<\/span><\/a><\/p>\n","protected":false},"author":1,"featured_media":0,"parent":0,"menu_order":0,"comment_status":"open","ping_status":"open","template":"","meta":{"footnotes":""},"class_list":["post-170","page","type-page","status-publish","hentry"],"_links":{"self":[{"href":"https:\/\/www.amrc-keller.de\/index.php?rest_route=\/wp\/v2\/pages\/170","targetHints":{"allow":["GET"]}}],"collection":[{"href":"https:\/\/www.amrc-keller.de\/index.php?rest_route=\/wp\/v2\/pages"}],"about":[{"href":"https:\/\/www.amrc-keller.de\/index.php?rest_route=\/wp\/v2\/types\/page"}],"author":[{"embeddable":true,"href":"https:\/\/www.amrc-keller.de\/index.php?rest_route=\/wp\/v2\/users\/1"}],"replies":[{"embeddable":true,"href":"https:\/\/www.amrc-keller.de\/index.php?rest_route=%2Fwp%2Fv2%2Fcomments&post=170"}],"version-history":[{"count":23,"href":"https:\/\/www.amrc-keller.de\/index.php?rest_route=\/wp\/v2\/pages\/170\/revisions"}],"predecessor-version":[{"id":1741,"href":"https:\/\/www.amrc-keller.de\/index.php?rest_route=\/wp\/v2\/pages\/170\/revisions\/1741"}],"wp:attachment":[{"href":"https:\/\/www.amrc-keller.de\/index.php?rest_route=%2Fwp%2Fv2%2Fmedia&parent=170"}],"curies":[{"name":"wp","href":"https:\/\/api.w.org\/{rel}","templated":true}]}}