{"id":181,"date":"2014-09-15T00:06:02","date_gmt":"2014-09-14T22:06:02","guid":{"rendered":"http:\/\/www.amrc-keller.de\/wp\/?page_id=181"},"modified":"2015-03-29T22:02:17","modified_gmt":"2015-03-29T20:02:17","slug":"reparaturen","status":"publish","type":"page","link":"https:\/\/www.amrc-keller.de\/?page_id=181","title":{"rendered":"Reparaturen"},"content":{"rendered":"<div class=\"wpb-content-wrapper\"><p>[vc_row][vc_column width=&#8220;2\/3&#8243;][vc_column_text]<\/p>\n<div class=\"paragraph\">\n<p>Wir reparieren seit \u00fcber 30 Jahren Motorr\u00e4der und Autos aller Fabrikate und konnten uns so einen gro\u00dfen Erfahrungsschatz \u00fc<a href=\"http:\/\/amrc-keller.de\/images\/achievement02.gif\" target=\"_blank\"><img loading=\"lazy\" decoding=\"async\" class=\"picture alignright\" src=\"http:\/\/amrc-keller.de\/images\/achievement02_160.gif\" alt=\"\" width=\"160\" height=\"160\" border=\"0\" \/><\/a>ber Kraftfahrzeuge aller Art aneignen.<\/p>\n<p>Wichtig ist zun\u00e4chst eine sorgf\u00e4ltige Fehlerdiagnose, denn manchmal sind es nur kleine Fehler oder M\u00e4ngel, die mit wenigen Handgriffen repariert und beseitigt werden k\u00f6nnen. So eine Reparatur ist oftmals kosteng\u00fcnstiger, als ein gro\u00dffl\u00e4chiger und aufwendiger Austausch von Ersatzeilen.<\/p>\n<p>\u00dcber unserer Partner k\u00f6nnen wir die dabei ben\u00f6tigten Ersatzteile zu hervorragenden Konditionen in Erstausr\u00fcsterqualit\u00e4t erhalten.<\/p>\n<\/div>\n<p>[\/vc_column_text][\/vc_column][vc_column width=&#8220;1\/3&#8243;][vc_message message_box_style=&#8220;solid-icon&#8220; style=&#8220;rounded&#8220; message_box_color=&#8220;black&#8220; icon_type=&#8220;fontawesome&#8220; icon_fontawesome=&#8220;fa fa-check-square-o&#8220; icon_openiconic=&#8220;vc-oi vc-oi-dial&#8220; icon_typicons=&#8220;typcn typcn-adjust-brightness&#8220; icon_entypo=&#8220;entypo-icon entypo-icon-note&#8220; icon_linecons=&#8220;vc_li vc_li-heart&#8220; icon_pixelicons=&#8220;vc_pixel_icon vc_pixel_icon-alert&#8220;]<\/p>\n<div class=\"paragraph\">\n<div class=\"teaser\">\n<div class=\"teaserelement\">\n<p class=\"teasertext\"><a title=\"Serviceangebot\" href=\"https:\/\/www.amrc-keller.de\/?page_id=157\">Serviceangebot<\/a><\/p>\n<p class=\"teasertext\"><a class=\"teaserlink\" title=\"Bremsenservice\" href=\"https:\/\/www.amrc-keller.de\/?page_id=187\">&#8211;&gt; Bremsenservice<\/a><\/p>\n<p class=\"teasertext\"><a class=\"teaserlink\" title=\"Inspektion\" href=\"https:\/\/www.amrc-keller.de\/?page_id=190\">&#8211;&gt; Inspektion<\/a><\/p>\n<p class=\"teasertext\"><a class=\"teaserlink\" title=\"HU &amp; AU\" href=\"https:\/\/www.amrc-keller.de\/?page_id=192\">&#8211;&gt; HU &amp; AU<\/a><\/p>\n<p class=\"teasertext\"><a title=\"Unfallinstandsetzung\" href=\"https:\/\/www.amrc-keller.de\/?page_id=195\">&#8211;&gt; Unfall-Instandsetzung<\/a><\/p>\n<p class=\"teasertext\"><a title=\"Elektronik-Diagnose\" href=\"https:\/\/www.amrc-keller.de\/?page_id=198\">&#8211;&gt; Elektronik-Diagnose<\/a><\/p>\n<\/div>\n<\/div>\n<\/div>\n<p>[\/vc_message][\/vc_column][\/vc_row]<\/p>\n<\/div>","protected":false},"excerpt":{"rendered":"<p>[vc_row][vc_column width=&#8220;2\/3&#8243;][vc_column_text] Wir reparieren seit \u00fcber 30 Jahren Motorr\u00e4der und Autos aller Fabrikate und konnten uns so einen gro\u00dfen Erfahrungsschatz \u00fcber Kraftfahrzeuge aller Art aneignen. Wichtig ist zun\u00e4chst eine sorgf\u00e4ltige Fehlerdiagnose, denn manchmal sind es nur kleine Fehler oder M\u00e4ngel, die mit wenigen Handgriffen repariert und beseitigt werden k\u00f6nnen. So eine Reparatur ist oftmals kosteng\u00fcnstiger, &hellip; <a href=\"https:\/\/www.amrc-keller.de\/?page_id=181\" class=\"more-link\"><span class=\"screen-reader-text\">Reparaturen<\/span> weiterlesen <span class=\"meta-nav\">&rarr;<\/span><\/a><\/p>\n","protected":false},"author":1,"featured_media":0,"parent":157,"menu_order":0,"comment_status":"open","ping_status":"open","template":"","meta":{"footnotes":""},"class_list":["post-181","page","type-page","status-publish","hentry"],"_links":{"self":[{"href":"https:\/\/www.amrc-keller.de\/index.php?rest_route=\/wp\/v2\/pages\/181","targetHints":{"allow":["GET"]}}],"collection":[{"href":"https:\/\/www.amrc-keller.de\/index.php?rest_route=\/wp\/v2\/pages"}],"about":[{"href":"https:\/\/www.amrc-keller.de\/index.php?rest_route=\/wp\/v2\/types\/page"}],"author":[{"embeddable":true,"href":"https:\/\/www.amrc-keller.de\/index.php?rest_route=\/wp\/v2\/users\/1"}],"replies":[{"embeddable":true,"href":"https:\/\/www.amrc-keller.de\/index.php?rest_route=%2Fwp%2Fv2%2Fcomments&post=181"}],"version-history":[{"count":9,"href":"https:\/\/www.amrc-keller.de\/index.php?rest_route=\/wp\/v2\/pages\/181\/revisions"}],"predecessor-version":[{"id":351,"href":"https:\/\/www.amrc-keller.de\/index.php?rest_route=\/wp\/v2\/pages\/181\/revisions\/351"}],"up":[{"embeddable":true,"href":"https:\/\/www.amrc-keller.de\/index.php?rest_route=\/wp\/v2\/pages\/157"}],"wp:attachment":[{"href":"https:\/\/www.amrc-keller.de\/index.php?rest_route=%2Fwp%2Fv2%2Fmedia&parent=181"}],"curies":[{"name":"wp","href":"https:\/\/api.w.org\/{rel}","templated":true}]}}