{"id":187,"date":"2014-09-15T00:10:52","date_gmt":"2014-09-14T22:10:52","guid":{"rendered":"http:\/\/www.amrc-keller.de\/wp\/?page_id=187"},"modified":"2015-03-30T12:58:10","modified_gmt":"2015-03-30T10:58:10","slug":"bremsenservice","status":"publish","type":"page","link":"https:\/\/www.amrc-keller.de\/?page_id=187","title":{"rendered":"Bremsenservice"},"content":{"rendered":"<div class=\"wpb-content-wrapper\"><p>[vc_row][vc_column width=&#8220;2\/3&#8243;][vc_column_text]<\/p>\n<div class=\"sidepictureright\">\n<h4>Alles f\u00fcr Ihre Sicherheit<\/h4>\n<\/div>\n<div class=\"paragraph\">\n<p>Die Bremsen sind ma\u00dfgeblich f\u00fcr Ihre Sicherheit zust\u00e4ndig. Im Bedarfsfall m\u00fcssen Sie sich auf Ihre Bremsen verlassen k\u00f6nnen. Nicht richtig arbeitende oder defekte Bremsen gef\u00e4hrden nicht nur Sie, sondern auch andere! Lassen Sie daher Ihre Bremsen regelm\u00e4\u00dfig bei einem Bremsenservice-Partner \u00fcberpr\u00fcfen. Kostenintensive Folgereparaturen lassen sich so einfach v<a href=\"http:\/\/amrc-keller.de\/images\/route01.gif\" target=\"_blank\"><img loading=\"lazy\" decoding=\"async\" class=\"picture alignright\" src=\"http:\/\/amrc-keller.de\/images\/route01_160.gif\" alt=\"\" width=\"160\" height=\"160\" border=\"0\" \/><\/a>ermeiden.<\/p>\n<p>Bei uns sind Sie gut aufgehoben!<br \/>\nWir warten Ihre Bremsanlage, so dass Sie auch in Zukunft mit einem sicheren Gef\u00fchl durch den Stra\u00dfenverkehr navigieren k\u00f6nnen. Darauf k\u00f6nnen Sie sich verlassen!<\/p>\n<\/div>\n<p>[\/vc_column_text][\/vc_column][vc_column width=&#8220;1\/3&#8243;][vc_message message_box_style=&#8220;solid-icon&#8220; style=&#8220;rounded&#8220; message_box_color=&#8220;black&#8220; icon_type=&#8220;fontawesome&#8220; icon_fontawesome=&#8220;fa fa-check-square-o&#8220; icon_openiconic=&#8220;vc-oi vc-oi-dial&#8220; icon_typicons=&#8220;typcn typcn-adjust-brightness&#8220; icon_entypo=&#8220;entypo-icon entypo-icon-note&#8220; icon_linecons=&#8220;vc_li vc_li-heart&#8220; icon_pixelicons=&#8220;vc_pixel_icon vc_pixel_icon-alert&#8220;]<\/p>\n<p class=\"teasertext\"><a title=\"Serviceangebot\" href=\"https:\/\/www.amrc-keller.de\/?page_id=157\">Serviceangebot<\/a><\/p>\n<p class=\"teasertext\"><a title=\"Reparaturen\" href=\"https:\/\/www.amrc-keller.de\/?page_id=181\">&#8211;&gt; Reparaturen<\/a><\/p>\n<p class=\"teasertext\"><a title=\"Inspektion\" href=\"https:\/\/www.amrc-keller.de\/?page_id=190\">&#8211;&gt; Inspektion<\/a><\/p>\n<p class=\"teasertext\"><a title=\"HU &amp; AU\" href=\"https:\/\/www.amrc-keller.de\/?page_id=192\">&#8211;&gt; HU &amp; AU<\/a><\/p>\n<p class=\"teasertext\"><a title=\"Unfallinstandsetzung\" href=\"https:\/\/www.amrc-keller.de\/?page_id=195\">&#8211;&gt; Unfall-Instandsetzung<\/a><\/p>\n<p class=\"teasertext\"><a title=\"Elektronik-Diagnose\" href=\"https:\/\/www.amrc-keller.de\/?page_id=198\">&#8211;&gt; Elektronik-Diagnose<\/a><\/p>\n<p>[\/vc_message][\/vc_column][\/vc_row]<\/p>\n<\/div>","protected":false},"excerpt":{"rendered":"<p>[vc_row][vc_column width=&#8220;2\/3&#8243;][vc_column_text] Alles f\u00fcr Ihre Sicherheit Die Bremsen sind ma\u00dfgeblich f\u00fcr Ihre Sicherheit zust\u00e4ndig. Im Bedarfsfall m\u00fcssen Sie sich auf Ihre Bremsen verlassen k\u00f6nnen. Nicht richtig arbeitende oder defekte Bremsen gef\u00e4hrden nicht nur Sie, sondern auch andere! Lassen Sie daher Ihre Bremsen regelm\u00e4\u00dfig bei einem Bremsenservice-Partner \u00fcberpr\u00fcfen. Kostenintensive Folgereparaturen lassen sich so einfach vermeiden. Bei &hellip; <a href=\"https:\/\/www.amrc-keller.de\/?page_id=187\" class=\"more-link\"><span class=\"screen-reader-text\">Bremsenservice<\/span> weiterlesen <span class=\"meta-nav\">&rarr;<\/span><\/a><\/p>\n","protected":false},"author":1,"featured_media":0,"parent":157,"menu_order":0,"comment_status":"open","ping_status":"open","template":"","meta":{"footnotes":""},"class_list":["post-187","page","type-page","status-publish","hentry"],"_links":{"self":[{"href":"https:\/\/www.amrc-keller.de\/index.php?rest_route=\/wp\/v2\/pages\/187","targetHints":{"allow":["GET"]}}],"collection":[{"href":"https:\/\/www.amrc-keller.de\/index.php?rest_route=\/wp\/v2\/pages"}],"about":[{"href":"https:\/\/www.amrc-keller.de\/index.php?rest_route=\/wp\/v2\/types\/page"}],"author":[{"embeddable":true,"href":"https:\/\/www.amrc-keller.de\/index.php?rest_route=\/wp\/v2\/users\/1"}],"replies":[{"embeddable":true,"href":"https:\/\/www.amrc-keller.de\/index.php?rest_route=%2Fwp%2Fv2%2Fcomments&post=187"}],"version-history":[{"count":7,"href":"https:\/\/www.amrc-keller.de\/index.php?rest_route=\/wp\/v2\/pages\/187\/revisions"}],"predecessor-version":[{"id":549,"href":"https:\/\/www.amrc-keller.de\/index.php?rest_route=\/wp\/v2\/pages\/187\/revisions\/549"}],"up":[{"embeddable":true,"href":"https:\/\/www.amrc-keller.de\/index.php?rest_route=\/wp\/v2\/pages\/157"}],"wp:attachment":[{"href":"https:\/\/www.amrc-keller.de\/index.php?rest_route=%2Fwp%2Fv2%2Fmedia&parent=187"}],"curies":[{"name":"wp","href":"https:\/\/api.w.org\/{rel}","templated":true}]}}