{"id":192,"date":"2014-09-15T00:15:59","date_gmt":"2014-09-14T22:15:59","guid":{"rendered":"http:\/\/www.amrc-keller.de\/wp\/?page_id=192"},"modified":"2015-03-29T22:10:31","modified_gmt":"2015-03-29T20:10:31","slug":"hu-au","status":"publish","type":"page","link":"https:\/\/www.amrc-keller.de\/?page_id=192","title":{"rendered":"HU &#038; AU"},"content":{"rendered":"<div class=\"wpb-content-wrapper\"><p>[vc_row][vc_column width=&#8220;2\/3&#8243;][vc_column_text]<\/p>\n<div class=\"paragraph\">\n<p><span style=\"text-decoration: underline;\"><strong>Bei uns erhalten Sie den kompletten Service:<br \/>\n<\/strong><\/span>Wir bereiten Ihr Fahrzeug nicht nur f\u00fcr die T\u00dcV-Abnahme vor, sondern \u00fcbernehmen auf Wunsch auch die Vorf\u00fchrung beim T\u00dcV f\u00fcr Sie. <a href=\"http:\/\/amrc-keller.de\/images\/achievement03.gif\" target=\"_blank\"><img loading=\"lazy\" decoding=\"async\" class=\"picture alignright\" src=\"http:\/\/amrc-keller.de\/images\/achievement03_160.gif\" alt=\"\" width=\"160\" height=\"160\" border=\"0\" \/><\/a><\/p>\n<p>Die Abgasuntersuchungen f\u00fchren wir direkt bei uns im Hause durch &#8211; schauen Sie einfach mal rein.<\/p>\n<\/div>\n<p>[\/vc_column_text][\/vc_column][vc_column width=&#8220;1\/3&#8243;][vc_message message_box_style=&#8220;solid-icon&#8220; style=&#8220;rounded&#8220; message_box_color=&#8220;black&#8220; icon_type=&#8220;fontawesome&#8220; icon_fontawesome=&#8220;fa fa-check-square-o&#8220; icon_openiconic=&#8220;vc-oi vc-oi-dial&#8220; icon_typicons=&#8220;typcn typcn-adjust-brightness&#8220; icon_entypo=&#8220;entypo-icon entypo-icon-note&#8220; icon_linecons=&#8220;vc_li vc_li-heart&#8220; icon_pixelicons=&#8220;vc_pixel_icon vc_pixel_icon-alert&#8220;]<\/p>\n<p class=\"teasertext\"><a title=\"Serviceangebot\" href=\"https:\/\/www.amrc-keller.de\/?page_id=157\">Serviceangebot<\/a><\/p>\n<p class=\"teasertext\"><a title=\"Reparaturen\" href=\"https:\/\/www.amrc-keller.de\/?page_id=181\">&#8211;&gt; Reparaturen<\/a><\/p>\n<p class=\"teasertext\"><a title=\"Bremsenservice\" href=\"https:\/\/www.amrc-keller.de\/?page_id=187\">&#8211;&gt; Bremsenservice<\/a><\/p>\n<p class=\"teasertext\"><a title=\"Inspektion\" href=\"https:\/\/www.amrc-keller.de\/?page_id=190\">&#8211;&gt; Inspektion<\/a><\/p>\n<p class=\"teasertext\"><a title=\"Unfallinstandsetzung\" href=\"https:\/\/www.amrc-keller.de\/?page_id=195\">&#8211;&gt; Unfall-Instandsetzung<\/a><\/p>\n<p class=\"teasertext\"><a title=\"Elektronik-Diagnose\" href=\"https:\/\/www.amrc-keller.de\/?page_id=198\">&#8211;&gt; Elektronik-Diagnose<\/a><\/p>\n<p>[\/vc_message][\/vc_column][\/vc_row]<\/p>\n<\/div>","protected":false},"excerpt":{"rendered":"<p>[vc_row][vc_column width=&#8220;2\/3&#8243;][vc_column_text] Bei uns erhalten Sie den kompletten Service: Wir bereiten Ihr Fahrzeug nicht nur f\u00fcr die T\u00dcV-Abnahme vor, sondern \u00fcbernehmen auf Wunsch auch die Vorf\u00fchrung beim T\u00dcV f\u00fcr Sie. Die Abgasuntersuchungen f\u00fchren wir direkt bei uns im Hause durch &#8211; schauen Sie einfach mal rein. [\/vc_column_text][\/vc_column][vc_column width=&#8220;1\/3&#8243;][vc_message message_box_style=&#8220;solid-icon&#8220; style=&#8220;rounded&#8220; message_box_color=&#8220;black&#8220; icon_type=&#8220;fontawesome&#8220; icon_fontawesome=&#8220;fa fa-check-square-o&#8220; icon_openiconic=&#8220;vc-oi &hellip; <a href=\"https:\/\/www.amrc-keller.de\/?page_id=192\" class=\"more-link\"><span class=\"screen-reader-text\">HU &#038; AU<\/span> weiterlesen <span class=\"meta-nav\">&rarr;<\/span><\/a><\/p>\n","protected":false},"author":1,"featured_media":0,"parent":157,"menu_order":0,"comment_status":"open","ping_status":"open","template":"","meta":{"footnotes":""},"class_list":["post-192","page","type-page","status-publish","hentry"],"_links":{"self":[{"href":"https:\/\/www.amrc-keller.de\/index.php?rest_route=\/wp\/v2\/pages\/192","targetHints":{"allow":["GET"]}}],"collection":[{"href":"https:\/\/www.amrc-keller.de\/index.php?rest_route=\/wp\/v2\/pages"}],"about":[{"href":"https:\/\/www.amrc-keller.de\/index.php?rest_route=\/wp\/v2\/types\/page"}],"author":[{"embeddable":true,"href":"https:\/\/www.amrc-keller.de\/index.php?rest_route=\/wp\/v2\/users\/1"}],"replies":[{"embeddable":true,"href":"https:\/\/www.amrc-keller.de\/index.php?rest_route=%2Fwp%2Fv2%2Fcomments&post=192"}],"version-history":[{"count":8,"href":"https:\/\/www.amrc-keller.de\/index.php?rest_route=\/wp\/v2\/pages\/192\/revisions"}],"predecessor-version":[{"id":355,"href":"https:\/\/www.amrc-keller.de\/index.php?rest_route=\/wp\/v2\/pages\/192\/revisions\/355"}],"up":[{"embeddable":true,"href":"https:\/\/www.amrc-keller.de\/index.php?rest_route=\/wp\/v2\/pages\/157"}],"wp:attachment":[{"href":"https:\/\/www.amrc-keller.de\/index.php?rest_route=%2Fwp%2Fv2%2Fmedia&parent=192"}],"curies":[{"name":"wp","href":"https:\/\/api.w.org\/{rel}","templated":true}]}}