{"id":195,"date":"2014-09-15T00:18:02","date_gmt":"2014-09-14T22:18:02","guid":{"rendered":"http:\/\/www.amrc-keller.de\/wp\/?page_id=195"},"modified":"2015-03-29T22:08:48","modified_gmt":"2015-03-29T20:08:48","slug":"unfallinstandsetzung","status":"publish","type":"page","link":"https:\/\/www.amrc-keller.de\/?page_id=195","title":{"rendered":"Unfallinstandsetzung"},"content":{"rendered":"<div class=\"wpb-content-wrapper\"><p>[vc_row][vc_column width=&#8220;2\/3&#8243;][vc_column_text]<\/p>\n<h4>Unfall-Instandsetzung<\/h4>\n<h5 class=\"sidepictureright\"><a href=\"http:\/\/amrc-keller.de\/images\/35331.jpg\" target=\"_blank\"><img loading=\"lazy\" decoding=\"async\" class=\"picture alignleft\" src=\"http:\/\/amrc-keller.de\/images\/35331_160.jpg\" alt=\"\" width=\"160\" height=\"219\" border=\"0\" \/>Alles aus einer Hand<\/a><\/h5>\n<div class=\"paragraph\">\n<p>Egal ob Schuld oder nicht Schuld, Unf\u00e4lle sind immer \u00e4rgerlich. Aber wenn es schon passiert, dann sollten Sie sich wenigstens sicher sein, das Ihr Fahrzeug ohne M\u00e4ngel fachgerecht und kompetent repariert wird.<\/p>\n<p>Bei uns k\u00fcmmern sich ausschlie\u00dflich Karosserie- und Fahrzeugbauer oder gar Meister um die Reparatur. Aufgrund ihrer speziellen Ausbildung (Unfallreparatur + Fahrzeugbau) sind sie ein Garant f\u00fcr fachlich korrekt ausgef\u00fchrte Arbeiten.<\/p>\n<\/div>\n<p>[\/vc_column_text][\/vc_column][vc_column width=&#8220;1\/3&#8243;][vc_message message_box_style=&#8220;solid-icon&#8220; style=&#8220;rounded&#8220; message_box_color=&#8220;black&#8220; icon_type=&#8220;fontawesome&#8220; icon_fontawesome=&#8220;fa fa-check-square-o&#8220; icon_openiconic=&#8220;vc-oi vc-oi-dial&#8220; icon_typicons=&#8220;typcn typcn-adjust-brightness&#8220; icon_entypo=&#8220;entypo-icon entypo-icon-note&#8220; icon_linecons=&#8220;vc_li vc_li-heart&#8220; icon_pixelicons=&#8220;vc_pixel_icon vc_pixel_icon-alert&#8220;]<\/p>\n<p class=\"teasertext\"><a title=\"Serviceangebot\" href=\"https:\/\/www.amrc-keller.de\/?page_id=157\">Serviceangebot<\/a><\/p>\n<p class=\"teasertext\"><a class=\"teaserlink\" title=\"Reparaturen\" href=\"https:\/\/www.amrc-keller.de\/?page_id=181\">&#8211;&gt; Reparaturen<\/a><\/p>\n<p class=\"teasertext\"><a title=\"Bremsenservice\" href=\"https:\/\/www.amrc-keller.de\/?page_id=187\">&#8211;&gt; Bremsenservice<\/a><\/p>\n<p class=\"teasertext\"><a title=\"Inspektion\" href=\"https:\/\/www.amrc-keller.de\/?page_id=190\">&#8211;&gt; Inspektion<\/a><\/p>\n<p class=\"teasertext\"><a title=\"HU &amp; AU\" href=\"https:\/\/www.amrc-keller.de\/?page_id=192\">&#8211;&gt; HU &amp; AU<\/a><\/p>\n<p class=\"teasertext\"><a title=\"Elektronik-Diagnose\" href=\"https:\/\/www.amrc-keller.de\/?page_id=198\">&#8211;&gt; Elektronik-Diagnose<\/a><\/p>\n<p>[\/vc_message][\/vc_column][\/vc_row]<\/p>\n<\/div>","protected":false},"excerpt":{"rendered":"<p>[vc_row][vc_column width=&#8220;2\/3&#8243;][vc_column_text] Unfall-Instandsetzung Alles aus einer Hand Egal ob Schuld oder nicht Schuld, Unf\u00e4lle sind immer \u00e4rgerlich. Aber wenn es schon passiert, dann sollten Sie sich wenigstens sicher sein, das Ihr Fahrzeug ohne M\u00e4ngel fachgerecht und kompetent repariert wird. Bei uns k\u00fcmmern sich ausschlie\u00dflich Karosserie- und Fahrzeugbauer oder gar Meister um die Reparatur. Aufgrund ihrer &hellip; <a href=\"https:\/\/www.amrc-keller.de\/?page_id=195\" class=\"more-link\"><span class=\"screen-reader-text\">Unfallinstandsetzung<\/span> weiterlesen <span class=\"meta-nav\">&rarr;<\/span><\/a><\/p>\n","protected":false},"author":1,"featured_media":0,"parent":0,"menu_order":0,"comment_status":"open","ping_status":"open","template":"","meta":{"footnotes":""},"class_list":["post-195","page","type-page","status-publish","hentry"],"_links":{"self":[{"href":"https:\/\/www.amrc-keller.de\/index.php?rest_route=\/wp\/v2\/pages\/195","targetHints":{"allow":["GET"]}}],"collection":[{"href":"https:\/\/www.amrc-keller.de\/index.php?rest_route=\/wp\/v2\/pages"}],"about":[{"href":"https:\/\/www.amrc-keller.de\/index.php?rest_route=\/wp\/v2\/types\/page"}],"author":[{"embeddable":true,"href":"https:\/\/www.amrc-keller.de\/index.php?rest_route=\/wp\/v2\/users\/1"}],"replies":[{"embeddable":true,"href":"https:\/\/www.amrc-keller.de\/index.php?rest_route=%2Fwp%2Fv2%2Fcomments&post=195"}],"version-history":[{"count":4,"href":"https:\/\/www.amrc-keller.de\/index.php?rest_route=\/wp\/v2\/pages\/195\/revisions"}],"predecessor-version":[{"id":356,"href":"https:\/\/www.amrc-keller.de\/index.php?rest_route=\/wp\/v2\/pages\/195\/revisions\/356"}],"wp:attachment":[{"href":"https:\/\/www.amrc-keller.de\/index.php?rest_route=%2Fwp%2Fv2%2Fmedia&parent=195"}],"curies":[{"name":"wp","href":"https:\/\/api.w.org\/{rel}","templated":true}]}}