{"id":198,"date":"2014-09-15T00:22:49","date_gmt":"2014-09-14T22:22:49","guid":{"rendered":"http:\/\/www.amrc-keller.de\/wp\/?page_id=198"},"modified":"2015-03-29T22:18:56","modified_gmt":"2015-03-29T20:18:56","slug":"elektronik-diagnose","status":"publish","type":"page","link":"https:\/\/www.amrc-keller.de\/?page_id=198","title":{"rendered":"Elektronik-Diagnose"},"content":{"rendered":"<div class=\"wpb-content-wrapper\"><p>[vc_row][vc_column width=&#8220;1\/3&#8243;][vc_column_text]<\/p>\n<div class=\"sidepictureright\">\n<h4>Modernste Ausleseger\u00e4te<\/h4>\n<\/div>\n<div class=\"paragraph\">\n<p>Um auch f\u00fcr die neuesten Modelle und eine ausgereifte Fehlerdiagnose ger\u00fcstet zu sein, halten wir f\u00fcr Sie stets aktuelle Ausleseger\u00e4te bereit.<\/p>\n<p>Mittels dieser Technik sind wir in der Lage, die entsprechenden Fehler zu diagnostizieren.<\/p>\n<\/div>\n<p>[\/vc_column_text][\/vc_column][vc_column width=&#8220;1\/3&#8243;][vc_single_image image=&#8220;361&#8243; border_color=&#8220;grey&#8220; img_link_large=&#8220;&#8220; img_link_target=&#8220;_self&#8220;][\/vc_column][vc_column width=&#8220;1\/3&#8243;][vc_message message_box_style=&#8220;solid-icon&#8220; style=&#8220;rounded&#8220; message_box_color=&#8220;black&#8220; icon_type=&#8220;fontawesome&#8220; icon_fontawesome=&#8220;fa fa-check-square-o&#8220; icon_openiconic=&#8220;vc-oi vc-oi-dial&#8220; icon_typicons=&#8220;typcn typcn-adjust-brightness&#8220; icon_entypo=&#8220;entypo-icon entypo-icon-note&#8220; icon_linecons=&#8220;vc_li vc_li-heart&#8220; icon_pixelicons=&#8220;vc_pixel_icon vc_pixel_icon-alert&#8220;]<\/p>\n<p class=\"teasertext\"><a title=\"Serviceangebot\" href=\"https:\/\/www.amrc-keller.de\/?page_id=157\">Serviceangebot<\/a><\/p>\n<p class=\"teasertext\"><a class=\"teaserlink\" title=\"Reparaturen\" href=\"https:\/\/www.amrc-keller.de\/?page_id=181\">&#8211;&gt; Reparaturen<\/a><\/p>\n<p class=\"teasertext\"><a title=\"Bremsenservice\" href=\"https:\/\/www.amrc-keller.de\/?page_id=187\">&#8211;&gt; Bremsenservice<\/a><\/p>\n<p class=\"teasertext\"><a title=\"Inspektion\" href=\"https:\/\/www.amrc-keller.de\/?page_id=190\">&#8211;&gt; Inspektion<\/a><\/p>\n<p class=\"teasertext\"><a title=\"HU &amp; AU\" href=\"https:\/\/www.amrc-keller.de\/?page_id=192\">&#8211;&gt; HU &amp; AU<\/a><\/p>\n<p class=\"teasertext\"><a title=\"Unfallinstandsetzung\" href=\"https:\/\/www.amrc-keller.de\/?page_id=195\">&#8211;&gt; Unfall-Instandsetzung<\/a><\/p>\n<p>[\/vc_message][\/vc_column][\/vc_row]<\/p>\n<\/div>","protected":false},"excerpt":{"rendered":"<p>[vc_row][vc_column width=&#8220;1\/3&#8243;][vc_column_text] Modernste Ausleseger\u00e4te Um auch f\u00fcr die neuesten Modelle und eine ausgereifte Fehlerdiagnose ger\u00fcstet zu sein, halten wir f\u00fcr Sie stets aktuelle Ausleseger\u00e4te bereit. Mittels dieser Technik sind wir in der Lage, die entsprechenden Fehler zu diagnostizieren. [\/vc_column_text][\/vc_column][vc_column width=&#8220;1\/3&#8243;][vc_single_image image=&#8220;361&#8243; border_color=&#8220;grey&#8220; img_link_large=&#8220;&#8220; img_link_target=&#8220;_self&#8220;][\/vc_column][vc_column width=&#8220;1\/3&#8243;][vc_message message_box_style=&#8220;solid-icon&#8220; style=&#8220;rounded&#8220; message_box_color=&#8220;black&#8220; icon_type=&#8220;fontawesome&#8220; icon_fontawesome=&#8220;fa fa-check-square-o&#8220; icon_openiconic=&#8220;vc-oi vc-oi-dial&#8220; icon_typicons=&#8220;typcn typcn-adjust-brightness&#8220; &hellip; <a href=\"https:\/\/www.amrc-keller.de\/?page_id=198\" class=\"more-link\"><span class=\"screen-reader-text\">Elektronik-Diagnose<\/span> weiterlesen <span class=\"meta-nav\">&rarr;<\/span><\/a><\/p>\n","protected":false},"author":1,"featured_media":0,"parent":157,"menu_order":0,"comment_status":"open","ping_status":"open","template":"","meta":{"footnotes":""},"class_list":["post-198","page","type-page","status-publish","hentry"],"_links":{"self":[{"href":"https:\/\/www.amrc-keller.de\/index.php?rest_route=\/wp\/v2\/pages\/198","targetHints":{"allow":["GET"]}}],"collection":[{"href":"https:\/\/www.amrc-keller.de\/index.php?rest_route=\/wp\/v2\/pages"}],"about":[{"href":"https:\/\/www.amrc-keller.de\/index.php?rest_route=\/wp\/v2\/types\/page"}],"author":[{"embeddable":true,"href":"https:\/\/www.amrc-keller.de\/index.php?rest_route=\/wp\/v2\/users\/1"}],"replies":[{"embeddable":true,"href":"https:\/\/www.amrc-keller.de\/index.php?rest_route=%2Fwp%2Fv2%2Fcomments&post=198"}],"version-history":[{"count":9,"href":"https:\/\/www.amrc-keller.de\/index.php?rest_route=\/wp\/v2\/pages\/198\/revisions"}],"predecessor-version":[{"id":362,"href":"https:\/\/www.amrc-keller.de\/index.php?rest_route=\/wp\/v2\/pages\/198\/revisions\/362"}],"up":[{"embeddable":true,"href":"https:\/\/www.amrc-keller.de\/index.php?rest_route=\/wp\/v2\/pages\/157"}],"wp:attachment":[{"href":"https:\/\/www.amrc-keller.de\/index.php?rest_route=%2Fwp%2Fv2%2Fmedia&parent=198"}],"curies":[{"name":"wp","href":"https:\/\/api.w.org\/{rel}","templated":true}]}}