{"id":215,"date":"2014-09-15T00:41:43","date_gmt":"2014-09-14T22:41:43","guid":{"rendered":"http:\/\/www.amrc-keller.de\/wp\/?page_id=215"},"modified":"2018-06-11T16:54:33","modified_gmt":"2018-06-11T14:54:33","slug":"impressum","status":"publish","type":"page","link":"https:\/\/www.amrc-keller.de\/?page_id=215","title":{"rendered":"Impressum"},"content":{"rendered":"<div class=\"wpb-content-wrapper\"><p>[vc_row][vc_column][vc_column_text]Verantwortlich f\u00fcr den redaktionellen Inhalt der Internetseiten im Sinne \u00a7 6 Vertrag \u00fcber Mediendienste seitens des Betreibers ist:<br \/>\n<b>Firma R. Keller<\/b><br \/>\nDr.-Georg-Sch\u00e4fer-Str. 12<br \/>\nD-97762 Hammelburg<\/p>\n<p>Telefon: 09732 2215<br \/>\nTelefax: 09732 3818<br \/>\nEmail: <a title=\"\" href=\"mailto:info@amrc-keller.de\" target=\"_blank\" rel=\"noopener\">info@amrc-keller.de<\/a><\/p>\n<h4>Gesch\u00e4ftsf\u00fchrer<\/h4>\n<p>Raimund Keller<\/p>\n<h5>Umsatzsteuer-Identifikationsnummer<\/h5>\n<p>DE132138591<\/p>\n<h5>Zust\u00e4ndige Handwerkskammer<\/h5>\n<p>Handwerkskammer f\u00fcr Unterfranken<br \/>\nRennweger Ring 3, 97070 W\u00fcrzburg<br \/>\nPostfach 58 04, 97008 W\u00fcrzburg<br \/>\nTelefon: 0931 30908-0<br \/>\nTelefax: 0931 30908-53[\/vc_column_text][\/vc_column][\/vc_row][vc_row][vc_column][vc_column_text]\u201eVerbraucherinformation gem\u00e4\u00df Verordnung (EU) Nr. 524\/2013: Zur au\u00dfergerichtlichen<br \/>\nStreitbeilegung von verbraucherrechtlichen Streitigkeiten hat die Europ\u00e4ische Kommission<br \/>\neine Plattform zur Online-Streitbeilegung (OS) eingerichtet. Die Plattform finden Sie unter https:\/\/ec.europa.eu\/consumers\/odr\/main\/index.cfm?event=main.home2.show&amp;lng=DE.<\/p>\n<p>E-Mail: info@amrc-keller.de[\/vc_column_text][\/vc_column][\/vc_row]<\/p>\n<\/div>","protected":false},"excerpt":{"rendered":"<p>[vc_row][vc_column][vc_column_text]Verantwortlich f\u00fcr den redaktionellen Inhalt der Internetseiten im Sinne \u00a7 6 Vertrag \u00fcber Mediendienste seitens des Betreibers ist: Firma R. Keller Dr.-Georg-Sch\u00e4fer-Str. 12 D-97762 Hammelburg Telefon: 09732 2215 Telefax: 09732 3818 Email: info@amrc-keller.de Gesch\u00e4ftsf\u00fchrer Raimund Keller Umsatzsteuer-Identifikationsnummer DE132138591 Zust\u00e4ndige Handwerkskammer Handwerkskammer f\u00fcr Unterfranken Rennweger Ring 3, 97070 W\u00fcrzburg Postfach 58 04, 97008 W\u00fcrzburg Telefon: 0931 &hellip; <a href=\"https:\/\/www.amrc-keller.de\/?page_id=215\" class=\"more-link\"><span class=\"screen-reader-text\">Impressum<\/span> weiterlesen <span class=\"meta-nav\">&rarr;<\/span><\/a><\/p>\n","protected":false},"author":1,"featured_media":0,"parent":0,"menu_order":0,"comment_status":"open","ping_status":"open","template":"","meta":{"footnotes":""},"class_list":["post-215","page","type-page","status-publish","hentry"],"_links":{"self":[{"href":"https:\/\/www.amrc-keller.de\/index.php?rest_route=\/wp\/v2\/pages\/215","targetHints":{"allow":["GET"]}}],"collection":[{"href":"https:\/\/www.amrc-keller.de\/index.php?rest_route=\/wp\/v2\/pages"}],"about":[{"href":"https:\/\/www.amrc-keller.de\/index.php?rest_route=\/wp\/v2\/types\/page"}],"author":[{"embeddable":true,"href":"https:\/\/www.amrc-keller.de\/index.php?rest_route=\/wp\/v2\/users\/1"}],"replies":[{"embeddable":true,"href":"https:\/\/www.amrc-keller.de\/index.php?rest_route=%2Fwp%2Fv2%2Fcomments&post=215"}],"version-history":[{"count":5,"href":"https:\/\/www.amrc-keller.de\/index.php?rest_route=\/wp\/v2\/pages\/215\/revisions"}],"predecessor-version":[{"id":1273,"href":"https:\/\/www.amrc-keller.de\/index.php?rest_route=\/wp\/v2\/pages\/215\/revisions\/1273"}],"wp:attachment":[{"href":"https:\/\/www.amrc-keller.de\/index.php?rest_route=%2Fwp%2Fv2%2Fmedia&parent=215"}],"curies":[{"name":"wp","href":"https:\/\/api.w.org\/{rel}","templated":true}]}}