{"id":33,"date":"2014-09-14T15:31:16","date_gmt":"2014-09-14T13:31:16","guid":{"rendered":"http:\/\/www.amrc-keller.de\/wp\/?page_id=33"},"modified":"2021-03-14T18:53:26","modified_gmt":"2021-03-14T16:53:26","slug":"ueber-uns","status":"publish","type":"page","link":"https:\/\/www.amrc-keller.de\/?page_id=33","title":{"rendered":"\u00dcber uns"},"content":{"rendered":"<div class=\"wpb-content-wrapper\"><p>[vc_row][vc_column width=&#8220;1\/2&#8243;][vc_column_text]Auf den folgenden Seiten<br \/>\nfinden Sie alles Wissenswerte<br \/>\n\u00fcber unser Unternehmen.<\/p>\n<p>Zun\u00e4chst m\u00f6chten wir unser Team vorstellen<strong>:<\/strong>[\/vc_column_text][\/vc_column][vc_column width=&#8220;1\/2&#8243;][vc_message message_box_style=&#8220;solid-icon&#8220; message_box_color=&#8220;black&#8220; icon_fontawesome=&#8220;fa fa-check-square-o&#8220;]<a title=\"So finden Sie zu uns \u2026\" href=\"https:\/\/www.amrc-keller.de\/?page_id=41\">So finden Sie zu uns<\/a><\/p>\n<p><a title=\"Gesch\u00e4ftszeiten\" href=\"https:\/\/www.amrc-keller.de\/?page_id=46\">Gesch\u00e4ftszeiten<\/a>[\/vc_message][\/vc_column][vc_column][vc_column_text]<span style=\"text-decoration: underline;\"><strong>Ihr Team in Hammelburg<\/strong><\/span><br \/>\nAls Einzelpersonen haben wir unterschiedliche Vorstellungen,<br \/>\nals Team und Kollegen ein gemeinsames Ziel:<br \/>\n<strong>Unsere Kunden zufrieden zu stellen!<\/strong>[\/vc_column_text][\/vc_column][\/vc_row][vc_row][vc_column width=&#8220;1\/3&#8243;][vc_column_text]<\/p>\n<p style=\"text-align: center;\"><strong>Raimund Keller<\/strong><\/p>\n<p>[\/vc_column_text][\/vc_column][vc_column width=&#8220;1\/3&#8243;][vc_column_text]<\/p>\n<p style=\"text-align: center;\"><strong>Rita Keller<\/strong><\/p>\n<p>[\/vc_column_text][\/vc_column][vc_column width=&#8220;1\/3&#8243;][vc_column_text]<\/p>\n<p style=\"text-align: center;\"><strong>Nicole Keller<\/strong><\/p>\n<p>[\/vc_column_text][\/vc_column][\/vc_row][vc_row][vc_column width=&#8220;1\/3&#8243;][vc_single_image image=&#8220;1569&#8243; img_size=&#8220;medium&#8220; alignment=&#8220;center&#8220; style=&#8220;vc_box_shadow&#8220;][\/vc_column][vc_column width=&#8220;1\/3&#8243;][vc_single_image image=&#8220;36&#8243; img_size=&#8220;medium&#8220; alignment=&#8220;center&#8220; style=&#8220;vc_box_shadow_3d&#8220;][\/vc_column][vc_column width=&#8220;1\/3&#8243;][vc_single_image image=&#8220;270&#8243; img_size=&#8220;medium&#8220; alignment=&#8220;center&#8220; style=&#8220;vc_box_shadow_3d&#8220;][\/vc_column][\/vc_row][vc_row][vc_column width=&#8220;1\/3&#8243;][vc_column_text]<\/p>\n<p style=\"text-align: center;\">Ihr Ansprech-<br \/>\npartner f\u00fcr:<br \/>\nAuto, Roller,<br \/>\nMotorrad,<br \/>\nReifen, &#8230;<\/p>\n<p>[\/vc_column_text][\/vc_column][vc_column width=&#8220;1\/3&#8243;][vc_column_text]<\/p>\n<p style=\"text-align: center;\">Ihre Ansprech-<br \/>\npartnerin f\u00fcr:<br \/>\nZweir\u00e4der,<br \/>\nBekleidung<\/p>\n<p>[\/vc_column_text][\/vc_column][vc_column width=&#8220;1\/3&#8243;][vc_column_text]<\/p>\n<p style=\"text-align: center;\">Ihre Ansprech-<br \/>\npartnerin f\u00fcr:<br \/>\nWerkstatt-Termine,<br \/>\nKoordination,<br \/>\nReifen<\/p>\n<p>[\/vc_column_text][\/vc_column][\/vc_row]<\/p>\n<\/div>","protected":false},"excerpt":{"rendered":"<p>[vc_row][vc_column width=&#8220;1\/2&#8243;][vc_column_text]Auf den folgenden Seiten finden Sie alles Wissenswerte \u00fcber unser Unternehmen. Zun\u00e4chst m\u00f6chten wir unser Team vorstellen:[\/vc_column_text][\/vc_column][vc_column width=&#8220;1\/2&#8243;][vc_message message_box_style=&#8220;solid-icon&#8220; message_box_color=&#8220;black&#8220; icon_fontawesome=&#8220;fa fa-check-square-o&#8220;]So finden Sie zu uns Gesch\u00e4ftszeiten[\/vc_message][\/vc_column][vc_column][vc_column_text]Ihr Team in Hammelburg Als Einzelpersonen haben wir unterschiedliche Vorstellungen, als Team und Kollegen ein gemeinsames Ziel: Unsere Kunden zufrieden zu stellen![\/vc_column_text][\/vc_column][\/vc_row][vc_row][vc_column width=&#8220;1\/3&#8243;][vc_column_text] Raimund Keller [\/vc_column_text][\/vc_column][vc_column width=&#8220;1\/3&#8243;][vc_column_text] Rita &hellip; <a href=\"https:\/\/www.amrc-keller.de\/?page_id=33\" class=\"more-link\"><span class=\"screen-reader-text\">\u00dcber uns<\/span> weiterlesen <span class=\"meta-nav\">&rarr;<\/span><\/a><\/p>\n","protected":false},"author":1,"featured_media":0,"parent":0,"menu_order":0,"comment_status":"open","ping_status":"open","template":"page-templates\/full-width.php","meta":{"footnotes":""},"class_list":["post-33","page","type-page","status-publish","hentry"],"_links":{"self":[{"href":"https:\/\/www.amrc-keller.de\/index.php?rest_route=\/wp\/v2\/pages\/33","targetHints":{"allow":["GET"]}}],"collection":[{"href":"https:\/\/www.amrc-keller.de\/index.php?rest_route=\/wp\/v2\/pages"}],"about":[{"href":"https:\/\/www.amrc-keller.de\/index.php?rest_route=\/wp\/v2\/types\/page"}],"author":[{"embeddable":true,"href":"https:\/\/www.amrc-keller.de\/index.php?rest_route=\/wp\/v2\/users\/1"}],"replies":[{"embeddable":true,"href":"https:\/\/www.amrc-keller.de\/index.php?rest_route=%2Fwp%2Fv2%2Fcomments&post=33"}],"version-history":[{"count":27,"href":"https:\/\/www.amrc-keller.de\/index.php?rest_route=\/wp\/v2\/pages\/33\/revisions"}],"predecessor-version":[{"id":1568,"href":"https:\/\/www.amrc-keller.de\/index.php?rest_route=\/wp\/v2\/pages\/33\/revisions\/1568"}],"wp:attachment":[{"href":"https:\/\/www.amrc-keller.de\/index.php?rest_route=%2Fwp%2Fv2%2Fmedia&parent=33"}],"curies":[{"name":"wp","href":"https:\/\/api.w.org\/{rel}","templated":true}]}}