{"id":4,"date":"2014-09-14T15:05:17","date_gmt":"2014-09-14T13:05:17","guid":{"rendered":"http:\/\/www.amrc-keller.de\/wp\/?page_id=4"},"modified":"2025-07-20T10:34:11","modified_gmt":"2025-07-20T08:34:11","slug":"startseite","status":"publish","type":"page","link":"https:\/\/www.amrc-keller.de\/","title":{"rendered":"Startseite"},"content":{"rendered":"<div class=\"wpb-content-wrapper\"><h1 style=\"text-align: center;\"><em style=\"color: #ff0000;\">Unsere Top Angebote entdecken<\/em><\/h1>\n<h2 style=\"text-align: center;\"><span style=\"color: #ff00ff;\"><a style=\"color: #ff00ff;\" href=\"https:\/\/www.motoguzzi.com\/de_DE\/angebote\/\"><strong>Moto<\/strong> <strong>Guzzi<\/strong><\/a><\/span><\/h2>\n<h2 style=\"text-align: center;\"><span style=\"color: #ff0000;\"><strong><a style=\"color: #ff0000;\" href=\"https:\/\/www.aprilia.com\/de_DE\/angebote\/\">Aprilia<\/a><\/strong><\/span><\/h2>\n<h2 style=\"text-align: center;\"><span style=\"color: #ff6600;\"><strong><a style=\"color: #ff6600;\" href=\"https:\/\/www.piaggio.com\/de_DE\/angebote\/\">Piaggio<\/a><\/strong><\/span><\/h2>\n<h2 style=\"text-align: center;\"><span style=\"color: #ff9900;\"><a style=\"color: #ff9900;\" href=\"https:\/\/www.vespa.com\/de_DE\/angebote\/\">Vespa<\/a><\/span><\/h2>\n<p>&nbsp;<\/p>\n<h5 style=\"text-align: center;\"><img loading=\"lazy\" decoding=\"async\" class=\"alignnone size-full wp-image-1810\" src=\"https:\/\/www.amrc-keller.de\/wp-content\/uploads\/2023\/12\/keller.jpg\" alt=\"\" width=\"960\" height=\"720\" srcset=\"https:\/\/www.amrc-keller.de\/wp-content\/uploads\/2023\/12\/keller.jpg 960w, https:\/\/www.amrc-keller.de\/wp-content\/uploads\/2023\/12\/keller-300x225.jpg 300w, https:\/\/www.amrc-keller.de\/wp-content\/uploads\/2023\/12\/keller-768x576.jpg 768w\" sizes=\"auto, (max-width: 960px) 100vw, 960px\" \/><\/h5>\n<p>&nbsp;<\/p>\n<h1 style=\"text-align: center;\"><em><strong>Keller Auto &#8211; Motorrad &#8211; Reifen &#8211; Center<\/strong><\/em><\/h1>\n<p>&nbsp;<\/p>\n<p style=\"text-align: center;\">Renault\u00a0 Neuwagen &#8211; Jahreswagen &#8211; Gebrauchtwagen<br \/>\nSuzuki &#8211; Moto Guzzi &#8211; Aprilia &#8211; Vespa &#8211; Piaggio Zweirad &#8211; Dreirad &#8211; Vierrad<\/p>\n<p><strong>Reifenfachhandel f\u00fcr PKW und Motorrad<\/strong><\/p>\n<h3 style=\"text-align: center;\"><em><strong>Unsere Leistungen:<\/strong><\/em><\/h3>\n<p style=\"text-align: center;\">QUAD &#8211; ATV Service aller Marken<br \/>\nMotorrad- und Roller-Reparaturen aller Marken<br \/>\nAutoreparaturen aller Marken<br \/>\nReifenfachhandel f\u00fcr alle Marken<br \/>\nReifeneinlagerung &#8211; Montage &#8211; Wuchten &#8211; Verkauf<br \/>\nAchsvermessung<br \/>\nMotorr\u00e4dern <strong>Bikers`Profi<\/strong><strong>\u00a0<\/strong><strong>\u00a0 \u00a0 \u00a0 \u00a0 \u00a0 \u00a0 \u00a0 \u00a0 \u00a0 \u00a0 \u00a0 \u00a0 \u00a0 \u00a0 \u00a0 \u00a0 \u00a0 \u00a0 \u00a0<span style=\"color: #ff0000;\">\u00a0 \u00a0 \u00a0 \u00a0 \u00a0 \u00a0 \u00a0<\/span><\/strong><\/p>\n<p style=\"text-align: center;\"><strong>Montag &#8211; Freitag : 08:00 &#8211; 12:00 \/ 13:00 &#8211; 17:00 Uhr<br \/>\n<\/strong><strong>Samstag : 08:00 &#8211; 12:00 Uhr<\/strong><\/p>\n<h5 style=\"text-align: center;\"><img loading=\"lazy\" decoding=\"async\" class=\"alignnone size-full wp-image-1836\" src=\"https:\/\/www.amrc-keller.de\/wp-content\/uploads\/2024\/05\/1920X1080-WEBSITE-APE-50-55-Jahre-alt.jpg\" alt=\"\" width=\"1920\" height=\"1080\" srcset=\"https:\/\/www.amrc-keller.de\/wp-content\/uploads\/2024\/05\/1920X1080-WEBSITE-APE-50-55-Jahre-alt.jpg 1920w, https:\/\/www.amrc-keller.de\/wp-content\/uploads\/2024\/05\/1920X1080-WEBSITE-APE-50-55-Jahre-alt-300x169.jpg 300w, https:\/\/www.amrc-keller.de\/wp-content\/uploads\/2024\/05\/1920X1080-WEBSITE-APE-50-55-Jahre-alt-1024x576.jpg 1024w, https:\/\/www.amrc-keller.de\/wp-content\/uploads\/2024\/05\/1920X1080-WEBSITE-APE-50-55-Jahre-alt-768x432.jpg 768w, https:\/\/www.amrc-keller.de\/wp-content\/uploads\/2024\/05\/1920X1080-WEBSITE-APE-50-55-Jahre-alt-1536x864.jpg 1536w\" sizes=\"auto, (max-width: 1920px) 100vw, 1920px\" \/><img loading=\"lazy\" decoding=\"async\" class=\"alignnone wp-image-1689\" src=\"https:\/\/www.amrc-keller.de\/wp-content\/uploads\/2022\/10\/logo_piaggio.gif\" alt=\"\" width=\"133\" height=\"40\" \/><\/h5>\n<h5 style=\"text-align: center;\"><a href=\"https:\/\/www.piaggio.com\/de_DE\/\">Piaggio Zweirad<\/a><br \/>\n<strong><a href=\"http:\/\/www.piaggiocommercialvehicles.com\/de_DE\/modelle\/ape\/\">Piaggio Dreirad<\/a><br \/>\n<a href=\"https:\/\/commercial.piaggio.com\/de_DE\/\">Piaggio Vierrad<\/a><\/strong><\/h5>\n<h5 style=\"text-align: center;\"><a style=\"color: #41a62a; outline: 0px;\" href=\"https:\/\/www.vespa.com\/de_DE\/?gclid=EAIaIQobChMI9pWSg5jT-gIVAdxRCh3i2A3mEAAYASAAEgKzVPD_BwE&amp;gclsrc=aw.ds\"><img loading=\"lazy\" decoding=\"async\" class=\"wp-image-643 alignnone\" src=\"https:\/\/www.amrc-keller.de\/wp-content\/uploads\/2014\/09\/Vespa.gif\" alt=\"\" width=\"94\" height=\"37\" \/><\/a><a href=\"https:\/\/motorrad.suzuki.de\/?gclid=EAIaIQobChMIvo_fn5fT-gIVyZrVCh2yrgPnEAAYASAAEgLs9PD_BwE\"><img loading=\"lazy\" decoding=\"async\" class=\"wp-image-308 alignnone\" src=\"https:\/\/www.amrc-keller.de\/wp-content\/uploads\/2014\/09\/suzuki2table17.jpg\" alt=\"\" width=\"60\" height=\"122\" \/><\/a><a href=\"https:\/\/www.aprilia.com\/de_DE\/?gclid=EAIaIQobChMI3bqd4pbT-gIV1Pl3Ch2_2waUEAAYASAAEgK9QvD_BwE&amp;gclsrc=aw.ds\"><img loading=\"lazy\" decoding=\"async\" class=\"alignnone\" src=\"https:\/\/www.amrc-keller.de\/wp-content\/uploads\/2014\/09\/brand-apriliatable16.gif\" alt=\"\" width=\"68\" height=\"99\" \/><\/a><br \/>\n<a href=\"https:\/\/www.motoguzzi.com\/de_DE\/?gclid=Cj0KCQjwsp6pBhCfARIsAD3GZua6t7Md6Loi7vtJ41Gm1z-y0f1GPJUVOnuDWzAiJuIQzJO_GoKIN9YaAgGKEALw_wcB&amp;gclsrc=aw.ds\"><img loading=\"lazy\" decoding=\"async\" class=\"alignnone size-full wp-image-1804\" src=\"https:\/\/www.amrc-keller.de\/wp-content\/uploads\/2023\/10\/Moto-Guzi.jpg\" alt=\"\" width=\"328\" height=\"128\" srcset=\"https:\/\/www.amrc-keller.de\/wp-content\/uploads\/2023\/10\/Moto-Guzi.jpg 328w, https:\/\/www.amrc-keller.de\/wp-content\/uploads\/2023\/10\/Moto-Guzi-300x117.jpg 300w\" sizes=\"auto, (max-width: 328px) 100vw, 328px\" \/><\/a><\/h5>\n<h5 style=\"text-align: center;\">Hier geht es zu unserem<br \/>\n<a href=\"http:\/\/shop.amrc-keller.de\/\" target=\"_blank\" rel=\"noopener noreferrer\">Online &#8211; Shop<\/a><\/h5>\n<p style=\"text-align: center;\">Seit nun <b>mehr als 40 Jahren<\/b> profitieren unsere Kunden von unserem Service und unserer Erfahrung rund ums Auto,<br \/>\nMotorrad, Roller oder Reifen in <b>Hammelburg<\/b>.<br \/>\nMachen Sie sich auf den folgenden Seiten ein Bild \u00fcber unser Unternehmen und unsere zahlreichen Serviceangebote.<\/p>\n<h3 style=\"text-align: center;\"><em><strong>Wie k\u00f6nnen wir Ihnen weiterhelfen ?<\/strong><\/em><\/h3>\n<h2>A wie Auto . . . .<\/h2>\n<p>Sie finden hier Angebote rund ums Auto.<br \/>\n<b>Renault<\/b> Neu- und Jahreswagen,<br \/>\nGebrauchtwagen aller Marken,<br \/>\nFinanzierungen, unseren<br \/>\nWerkstattservice, Tuning, Reparatur.<br \/>\n<a title=\"Auto\" href=\"https:\/\/www.amrc-keller.de\/?page_id=78\">&gt; Auto<\/a>[\/[vc_column width=&#8220;1\/3&#8243;][vc_single_image image=&#8220;261&#8243; img_size=&#8220;300&#8243; alignment=&#8220;center&#8220; style=&#8220;vc_box_shadow_3d&#8220; onclick=&#8220;custom_link&#8220; link=&#8220;https:\/\/www.amrc-keller.de\/?page_id=78&#8243;][\/vc_column][\/vc_row][vc_row][vc_column width=&#8220;2\/3&#8243;][vc_column_text]<\/p>\n<h2>M wie Motorrad . . . .<\/h2>\n<p>Sie finden hier Angebote rund ums Motorrad.<br \/>\n<b>Suzuki <\/b>und<b> Motoguzzi &#8211; Motorr\u00e4der<\/b>, Gebrauchtmaschinen aller Marken, Reparatur, Wartung, Tuning, Finanzierung.<br \/>\n<a title=\"Motorrad\" href=\"https:\/\/www.amrc-keller.de\/?page_id=97\">&gt; Motorrad<\/a>[\/vc_column_text][\/vc_column][vc_column width=&#8220;1\/3&#8243;][vc_single_image image=&#8220;262&#8243; img_size=&#8220;300&#8243; alignment=&#8220;center&#8220; style=&#8220;vc_box_shadow_3d&#8220; onclick=&#8220;custom_link&#8220; link=&#8220;https:\/\/www.amrc-keller.de\/?page_id=97&#8243;][\/vc_column][\/vc_row][vc_row][vc_column width=&#8220;2\/3&#8243;][vc_column_text]<\/p>\n<h2>R wie Roller . . . .<\/h2>\n<p>Sie finden hier Angebote rund um Roller.<br \/>\n<b>Suzuki<\/b>, <b>Derbi<\/b>, <b>Vespa<\/b>, <b>Piaggio<\/b>, <b>Gilera<\/b>. Gebrauchtroller aller Marken, Reparatur, Wartung, Finanzierung.<br \/>\n<a title=\"Roller\" href=\"https:\/\/www.amrc-keller.de\/?page_id=119\">&gt; Roller<\/a>[\/vc_column_text][\/vc_column][vc_column width=&#8220;1\/3&#8243;][vc_single_image image=&#8220;263&#8243; img_size=&#8220;300&#8243; alignment=&#8220;center&#8220; style=&#8220;vc_box_shadow_3d&#8220; onclick=&#8220;custom_link&#8220; link=&#8220;https:\/\/www.amrc-keller.de\/?page_id=119&#8243;][\/vc_column][\/vc_row][vc_row][vc_column width=&#8220;2\/3&#8243;][vc_column_text]<\/p>\n<h2>R wie Reifen . . . .<\/h2>\n<p>Sie finden hier Angebote rund um <b>Reifen<\/b>.<br \/>\nReifen, Sommer- &amp; Winterreifen f\u00fcr PKWs, LkWs, Motorr\u00e4der, Roller, Alu- und Stahl-Felgen, Komplettr\u00e4der.<br \/>\n<a title=\"Reifen\" href=\"https:\/\/www.amrc-keller.de\/?page_id=140\">&gt; Reifen<\/a>[\/vc_column_text][\/vc_column][vc_column width=&#8220;1\/3&#8243;][vc_single_image image=&#8220;264&#8243; img_size=&#8220;300&#8243; alignment=&#8220;center&#8220; style=&#8220;vc_box_shadow_3d&#8220; onclick=&#8220;custom_link&#8220; link=&#8220;https:\/\/www.amrc-keller.de\/?page_id=140&#8243;][\/vc_column][\/vc_row][vc_row][vc_column width=&#8220;2\/3&#8243;][vc_column_text]<\/p>\n<h2>B wie Bekleidung &amp; Zubeh\u00f6r . . . .<\/h2>\n<p>Sie finden hier Angebote rund um <strong>Motorrad-<\/strong><b>Bekleidung<\/b>, <b>Zubeh\u00f6r<\/b> und <b>Mode<\/b>: Helme, Jacken, Hosen, Motorradzubeh\u00f6r, Schuhe, Brillen, Leder, Goretex, Tuning, Accessoires.<br \/>\n<a title=\"Bekleidung\" href=\"https:\/\/www.amrc-keller.de\/?page_id=154\">&gt; Bekleidung &amp; Zubeh\u00f6r<\/a>[\/vc_column_text][\/vc_column][vc_column width=&#8220;1\/3&#8243;][vc_single_image image=&#8220;265&#8243; img_size=&#8220;200&#8243; alignment=&#8220;center&#8220; style=&#8220;vc_box_shadow_3d&#8220; onclick=&#8220;custom_link&#8220; link=&#8220;https:\/\/www.amrc-keller.de\/?page_id=154&#8243;][\/vc_column][\/vc_row][vc_row][vc_column][\/vc_column][\/vc_row]<\/p>\n<\/div>","protected":false},"excerpt":{"rendered":"<p>Unsere Top Angebote entdecken Moto Guzzi Aprilia Piaggio Vespa &nbsp; &nbsp; Keller Auto &#8211; Motorrad &#8211; Reifen &#8211; Center &nbsp; Renault\u00a0 Neuwagen &#8211; Jahreswagen &#8211; Gebrauchtwagen Suzuki &#8211; Moto Guzzi &#8211; Aprilia &#8211; Vespa &#8211; Piaggio Zweirad &#8211; Dreirad &#8211; Vierrad Reifenfachhandel f\u00fcr PKW und Motorrad Unsere Leistungen: QUAD &#8211; ATV Service aller Marken Motorrad- &hellip; <a href=\"https:\/\/www.amrc-keller.de\/\" class=\"more-link\"><span class=\"screen-reader-text\">Startseite<\/span> weiterlesen <span class=\"meta-nav\">&rarr;<\/span><\/a><\/p>\n","protected":false},"author":1,"featured_media":0,"parent":0,"menu_order":1,"comment_status":"open","ping_status":"closed","template":"","meta":{"footnotes":""},"class_list":["post-4","page","type-page","status-publish","hentry"],"_links":{"self":[{"href":"https:\/\/www.amrc-keller.de\/index.php?rest_route=\/wp\/v2\/pages\/4","targetHints":{"allow":["GET"]}}],"collection":[{"href":"https:\/\/www.amrc-keller.de\/index.php?rest_route=\/wp\/v2\/pages"}],"about":[{"href":"https:\/\/www.amrc-keller.de\/index.php?rest_route=\/wp\/v2\/types\/page"}],"author":[{"embeddable":true,"href":"https:\/\/www.amrc-keller.de\/index.php?rest_route=\/wp\/v2\/users\/1"}],"replies":[{"embeddable":true,"href":"https:\/\/www.amrc-keller.de\/index.php?rest_route=%2Fwp%2Fv2%2Fcomments&post=4"}],"version-history":[{"count":253,"href":"https:\/\/www.amrc-keller.de\/index.php?rest_route=\/wp\/v2\/pages\/4\/revisions"}],"predecessor-version":[{"id":1857,"href":"https:\/\/www.amrc-keller.de\/index.php?rest_route=\/wp\/v2\/pages\/4\/revisions\/1857"}],"wp:attachment":[{"href":"https:\/\/www.amrc-keller.de\/index.php?rest_route=%2Fwp%2Fv2%2Fmedia&parent=4"}],"curies":[{"name":"wp","href":"https:\/\/api.w.org\/{rel}","templated":true}]}}