{"id":725,"date":"2015-06-25T11:54:46","date_gmt":"2015-06-25T09:54:46","guid":{"rendered":"http:\/\/www.amrc-keller.de\/?page_id=725"},"modified":"2018-11-24T12:57:04","modified_gmt":"2018-11-24T10:57:04","slug":"job-angebote","status":"publish","type":"page","link":"https:\/\/www.amrc-keller.de\/?page_id=725","title":{"rendered":"Piaggio APE"},"content":{"rendered":"<div class=\"wpb-content-wrapper\"><p>[vc_row][vc_column][vc_column_text]<\/p>\n<h3><strong><em><span style=\"color: #ff0000;\">Wichtige Mitteilung f\u00fcr APE Fahrer<\/span><\/em><\/strong><\/h3>\n<p>Entsprechend der am 27. Dezember 2016 ver\u00f6ffentlichten \u00c4nderung der Fahrerlaubnis-Verordnung d\u00fcrfen jetzt auch folgende Personen die APE 50 in 25 km\/h Version fahren:<br \/>\n\u2013 Personen, die vor dem 01. April 1965 geboren sind, ohne eine Pr\u00fcfbescheinigung<br \/>\n\u2013 Personen, die ab dem 01. April 1965 geboren sind, mit einer g\u00fcltigen Pr\u00fcfbescheinigung zum F\u00fchren von Mofas<\/p>\n<h2><em><strong>Ape 50<\/strong><\/em><\/h2>\n<p>Die au\u00dferordentliche <strong>Handlichkeit<\/strong>, <strong>Robustheit<\/strong> und <strong>Sparsamkeit<\/strong> machen aus der <strong>Ape 50<\/strong> ein einzigartiges und unersetzliches Produkt. Zur Klasse der Kleinkraftr\u00e4dern geh\u00f6rend, kann die Ape 50 bereits ab 14 Jahren mit F\u00fchrerscheinklasse AM gefahren werden.<\/p>\n<p>Dank der dreir\u00e4drigen Struktur mit Hinterradantrieb kann sich die <strong>Ape 50<\/strong> auch bestens <strong>\u00aboffroad\u00bb<\/strong> auf nicht asphaltiertem Grund bewegen.<br \/>\nVerh\u00e4ltnism\u00e4\u00dfig zu den Abmessungen und zum Verbrauch ist ihre Transportkapazit\u00e4t konkurrenzlos <strong>(bis zu 200 kg Gewicht und bis zu 1,5 m3 Volumen)<\/strong> und macht die <strong>Ape 50<\/strong> zur idealen L\u00f6sung f\u00fcr die Durchf\u00fchrung kleiner Dienstleistungen f\u00fcr Firmen und Privatpersonen sowie f\u00fcr die Freizeit.<\/p>\n<p style=\"text-align: center;\"><a href=\"https:\/\/www.amrc-keller.de\/wp-content\/uploads\/2018\/11\/IMG_7531.jpg\"><img loading=\"lazy\" decoding=\"async\" class=\"alignnone size-full wp-image-1364\" src=\"https:\/\/www.amrc-keller.de\/wp-content\/uploads\/2018\/11\/IMG_7531.jpg\" alt=\"\" width=\"3264\" height=\"2448\" srcset=\"https:\/\/www.amrc-keller.de\/wp-content\/uploads\/2018\/11\/IMG_7531.jpg 3264w, https:\/\/www.amrc-keller.de\/wp-content\/uploads\/2018\/11\/IMG_7531-300x225.jpg 300w, https:\/\/www.amrc-keller.de\/wp-content\/uploads\/2018\/11\/IMG_7531-768x576.jpg 768w, https:\/\/www.amrc-keller.de\/wp-content\/uploads\/2018\/11\/IMG_7531-1024x768.jpg 1024w\" sizes=\"auto, (max-width: 3264px) 100vw, 3264px\" \/><\/a>&#8212;&#8212;&#8212;&#8212;&#8212;&#8212;&#8212;&#8212;&#8212;&#8212;&#8212;&#8212;&#8212;&#8212;&#8212;&#8212;&#8212;&#8212;&#8212;&#8212;&#8212;-<\/p>\n<h4 style=\"text-align: center;\"><em><strong>Piaggio APE 50 Kasten auch mit 25 Km\/h<\/strong><\/em><\/h4>\n<p><a href=\"https:\/\/www.amrc-keller.de\/wp-content\/uploads\/2018\/08\/APE-neu.jpg\"><img loading=\"lazy\" decoding=\"async\" class=\"wp-image-1309 alignright\" src=\"https:\/\/www.amrc-keller.de\/wp-content\/uploads\/2018\/08\/APE-neu.jpg\" alt=\"\" width=\"286\" height=\"215\" \/>\u00a0\u00a0\u00a0<\/a><a href=\"https:\/\/www.amrc-keller.de\/wp-content\/uploads\/2018\/08\/APE-rot.jpg\"><img loading=\"lazy\" decoding=\"async\" class=\"alignnone wp-image-1311\" src=\"https:\/\/www.amrc-keller.de\/wp-content\/uploads\/2018\/08\/APE-rot.jpg\" alt=\"\" width=\"284\" height=\"214\" \/><\/a><\/p>\n<p><strong>Verf\u00fcgbarkeit: In 2 Wochen ab Bestellung<\/strong><br \/>\n<strong><span class=\"attributes\">0\u00a0km<br \/>\nBenzin<br \/>\n2\u00a0kW\u00a0(3\u00a0PS)<br \/>\nSchaltgetriebe<\/span><span class=\"countryVersion\">Deutsche Ausf\u00fchrung<\/span><\/strong><\/p>\n<p style=\"text-align: center;\">&#8212;&#8212;&#8212;&#8212;&#8212;&#8212;&#8212;&#8212;&#8212;&#8212;&#8212;&#8212;&#8212;&#8212;&#8212;&#8212;&#8212;&#8212;&#8212;&#8212;&#8212;&#8212;<\/p>\n<h3 style=\"text-align: center;\"><em>Piaggio APE Classic 400 Diesel E4<\/em><\/h3>\n<p><a href=\"https:\/\/www.amrc-keller.de\/wp-content\/uploads\/2018\/08\/APE-Classic.jpg\"><img loading=\"lazy\" decoding=\"async\" class=\" wp-image-1306\" src=\"https:\/\/www.amrc-keller.de\/wp-content\/uploads\/2018\/08\/APE-Classic.jpg\" alt=\"\" width=\"268\" height=\"201\" \/><\/a><\/p>\n<h5><em><strong>Weitere technische Daten<\/strong><\/em><\/h5>\n<dl class=\"additionalAttributes span10\">\n<dt>Hubraum &#8211;\u00a0 436\u00a0cm\u00b3<br \/>\nAnzahl der T\u00fcren &#8211; 2\/3<br \/>\nSchadstoffklasse &#8211; Euro 4<br \/>\nHu &#8211; Neu<br \/>\nFarbe &#8211; Blau<\/dt>\n<dt><span class=\"attributes\">Erstzulassung 08\/2018<br \/>\n0\u00a0km<br \/>\nDiesel \/ 6\u00a0kW\u00a0(8\u00a0PS)<br \/>\nSchaltgetriebe<br \/>\n<\/span><span class=\"damaged\">Unfallfrei <\/span><span class=\"countryVersion\">Deutsche Ausf\u00fchrung<\/span><\/dt>\n<dt>&#8212;&#8212;&#8212;&#8212;&#8212;&#8212;&#8212;&#8212;&#8212;&#8212;&#8212;&#8212;&#8212;&#8212;&#8212;&#8212;-<\/p>\n<dl class=\"additionalAttributes span10\">\n<dt><\/dt>\n<dd><\/dd>\n<\/dl>\n<h3><\/h3>\n<h3><\/h3>\n<h3><\/h3>\n<h3 style=\"text-align: center;\"><em>Piaggio APE 50 Cross Country auch mit 25 Km\/h 2018<\/em><\/h3>\n<h3><a href=\"https:\/\/www.amrc-keller.de\/wp-content\/uploads\/2018\/09\/APE-Cross-Country.jpg\"><img loading=\"lazy\" decoding=\"async\" class=\"size-full wp-image-1330 aligncenter\" src=\"https:\/\/www.amrc-keller.de\/wp-content\/uploads\/2018\/09\/APE-Cross-Country.jpg\" alt=\"\" width=\"298\" height=\"224\" \/><\/a><\/h3>\n<p><span class=\"attributes\">Benzin<br \/>\n2\u00a0kW\u00a0(3\u00a0PS)<br \/>\nSchaltgetriebe<br \/>\n<\/span><span class=\"damaged\">Unfallfrei<br \/>\n<\/span><span class=\"countryVersion\">Deutsche Ausf\u00fchrung<\/span><\/p>\n<p>Mehr Informationen finden Sie <a href=\"https:\/\/home.mobile.de\/AH-KELLER#des_266177191\">&#8222;Hier&#8220;<\/a><\/p>\n<h3 style=\"text-align: center;\">&#8212;&#8212;&#8212;&#8212;&#8212;&#8212;&#8212;&#8212;&#8212;&#8212;&#8212;&#8212;&#8212;&#8212;&#8212;&#8212;&#8212;<\/h3>\n<h3 style=\"text-align: center;\"><em>Piaggio APE Calessino Sondermodell 70 Jahre APE<\/em><\/h3>\n<p><a href=\"https:\/\/www.amrc-keller.de\/wp-content\/uploads\/2018\/09\/APE-Calessino.jpg\"><img loading=\"lazy\" decoding=\"async\" class=\"size-full wp-image-1322 aligncenter\" src=\"https:\/\/www.amrc-keller.de\/wp-content\/uploads\/2018\/09\/APE-Calessino.jpg\" alt=\"\" width=\"298\" height=\"224\" \/><\/a><\/p>\n<p><span style=\"color: #000000;\">Cabrio \/ Roadster,<br \/>\n<\/span><span style=\"color: #000000;\">NeufahrzeugVerf\u00fcgbarkeit: Sofort<br \/>\n<\/span><span style=\"color: #000000;\">Benzin, E10-geeignet<br \/>\n<\/span><span style=\"color: #000000;\">Schaltgetriebe<\/span><\/dt>\n<dt>Mehr Informationen finden Sie<a href=\"https:\/\/home.mobile.de\/AH-KELLER#des_267441453\"> &#8222;Hier&#8220;<\/a><\/dt>\n<dd><\/dd>\n<dd><\/dd>\n<\/dl>\n<p>[\/vc_column_text][\/vc_column][\/vc_row][vc_row][vc_column][\/vc_column][\/vc_row]<\/p>\n<\/div>","protected":false},"excerpt":{"rendered":"<p>[vc_row][vc_column][vc_column_text] Wichtige Mitteilung f\u00fcr APE Fahrer Entsprechend der am 27. Dezember 2016 ver\u00f6ffentlichten \u00c4nderung der Fahrerlaubnis-Verordnung d\u00fcrfen jetzt auch folgende Personen die APE 50 in 25 km\/h Version fahren: \u2013 Personen, die vor dem 01. April 1965 geboren sind, ohne eine Pr\u00fcfbescheinigung \u2013 Personen, die ab dem 01. April 1965 geboren sind, mit einer g\u00fcltigen &hellip; <a href=\"https:\/\/www.amrc-keller.de\/?page_id=725\" class=\"more-link\"><span class=\"screen-reader-text\">Piaggio APE<\/span> weiterlesen <span class=\"meta-nav\">&rarr;<\/span><\/a><\/p>\n","protected":false},"author":2,"featured_media":0,"parent":0,"menu_order":0,"comment_status":"closed","ping_status":"closed","template":"","meta":{"footnotes":""},"class_list":["post-725","page","type-page","status-publish","hentry"],"_links":{"self":[{"href":"https:\/\/www.amrc-keller.de\/index.php?rest_route=\/wp\/v2\/pages\/725","targetHints":{"allow":["GET"]}}],"collection":[{"href":"https:\/\/www.amrc-keller.de\/index.php?rest_route=\/wp\/v2\/pages"}],"about":[{"href":"https:\/\/www.amrc-keller.de\/index.php?rest_route=\/wp\/v2\/types\/page"}],"author":[{"embeddable":true,"href":"https:\/\/www.amrc-keller.de\/index.php?rest_route=\/wp\/v2\/users\/2"}],"replies":[{"embeddable":true,"href":"https:\/\/www.amrc-keller.de\/index.php?rest_route=%2Fwp%2Fv2%2Fcomments&post=725"}],"version-history":[{"count":42,"href":"https:\/\/www.amrc-keller.de\/index.php?rest_route=\/wp\/v2\/pages\/725\/revisions"}],"predecessor-version":[{"id":1365,"href":"https:\/\/www.amrc-keller.de\/index.php?rest_route=\/wp\/v2\/pages\/725\/revisions\/1365"}],"wp:attachment":[{"href":"https:\/\/www.amrc-keller.de\/index.php?rest_route=%2Fwp%2Fv2%2Fmedia&parent=725"}],"curies":[{"name":"wp","href":"https:\/\/api.w.org\/{rel}","templated":true}]}}