{"id":78,"date":"2014-09-14T16:19:08","date_gmt":"2014-09-14T14:19:08","guid":{"rendered":"http:\/\/www.amrc-keller.de\/wp\/?page_id=78"},"modified":"2016-01-03T19:39:23","modified_gmt":"2016-01-03T17:39:23","slug":"auto","status":"publish","type":"page","link":"https:\/\/www.amrc-keller.de\/?page_id=78","title":{"rendered":"Auto"},"content":{"rendered":"<div class=\"wpb-content-wrapper\"><p>[vc_row][vc_column width=&#8220;2\/6&#8243;][vc_column_text]<\/p>\n<h3>&#8230; alles rund ums Auto<\/h3>\n<p><strong>\u00a0<\/strong>[\/vc_column_text][\/vc_column][vc_column width=&#8220;4\/6&#8243;][vc_message message_box_style=&#8220;solid-icon&#8220; message_box_color=&#8220;black&#8220; icon_fontawesome=&#8220;fa fa-check-square-o&#8220;]<a title=\"Werkstattservice\" href=\"https:\/\/www.amrc-keller.de\/?page_id=88\">Werkstattservice<\/a><\/p>\n<p><a title=\"Gebrauchtwagenb\u00f6rse\" href=\"https:\/\/www.amrc-keller.de\/?page_id=92\">Gebrauchtwagenb\u00f6rse<\/a>[\/vc_message][\/vc_column][\/vc_row][vc_row][vc_column width=&#8220;2\/3&#8243;][vc_column_text]<\/p>\n<h4>&#8230; Um-, Ein- oder Neueinsteiger?<\/h4>\n<h4><\/h4>\n<p>Sie werden \u00fcber die ausgefeilte Technik und den Komfort \u00fcberrascht sein. Machen Sie bei uns pers\u00f6nlich Bekanntschaft mit den neuen <b>Renault Pkw<\/b> oder <b>Transporter<\/b> Modellen.<br \/>\nWir halten Ihnen gerne die T\u00fcr auf, Sie d\u00fcrfen nach Lust und Laune ausw\u00e4hlen und einsteigen![\/vc_column_text][\/vc_column][vc_column width=&#8220;1\/3&#8243;][vc_single_image image=&#8220;297&#8243; alignment=&#8220;right&#8220;][\/vc_column][\/vc_row][vc_row][vc_column width=&#8220;2\/3&#8243;][vc_column_text]<\/p>\n<p style=\"text-align: right;\">Klicken Sie auf das <b>Renault Logo<\/b> um zur Modellauswahl<br \/>\nzu gelangen.<\/p>\n<p>[\/vc_column_text][\/vc_column][vc_column width=&#8220;1\/3&#8243;][vc_single_image image=&#8220;296&#8243; onclick=&#8220;custom_link&#8220; img_link_target=&#8220;_blank&#8220; link=&#8220;http:\/\/www.renault.de&#8220;][\/vc_column][\/vc_row][vc_row][vc_column][vc_column_text]<\/p>\n<h3>M\u00f6chten Sie bequem und g\u00fcnstig &#8230;<\/h3>\n<h4>&#8230; finanzieren oder leasen?<img loading=\"lazy\" decoding=\"async\" class=\"picture alignright\" src=\"http:\/\/amrc-keller.de\/images\/neuwagen1_160.jpg\" alt=\"\" width=\"150\" height=\"100\" border=\"0\" \/><\/h4>\n<p>Bei uns ist auch das kein Problem. Wir als ein <b>Renault <\/b><b>Vertragspartner<\/b>, unterbreiten Ihnen ein g\u00fcnstiges Finanzierungsangebot direkt \u00fcber die <b>Renault Bank<\/b>. Ma\u00dfgeschneidert f\u00fcr Sie als Privatperson oder auch als Firma.<br \/>\nNat\u00fcrlich k\u00fcmmern wir uns um Ihren &#8222;alten&#8220; Wagen, den Sie bequem in Zahlung geben k\u00f6nnen. Profitieren Sie jetzt noch von den unschlagbar g\u00fcnstigen Angeboten. Sie werden staunen, denn ein auf Sie zugeschnittenes Angebot ist g\u00fcnstiger als man oft glaubt.<\/p>\n<p><b>Sprechen Sie mit uns, wir beraten Sie gerne!<br \/>\nMa\u00dfgeschneidert, kundenorientiert und bequem. Unser Finanzierungsservice! <\/b>[\/vc_column_text][\/vc_column][\/vc_row]<\/p>\n<\/div>","protected":false},"excerpt":{"rendered":"<p>[vc_row][vc_column width=&#8220;2\/6&#8243;][vc_column_text] &#8230; alles rund ums Auto \u00a0[\/vc_column_text][\/vc_column][vc_column width=&#8220;4\/6&#8243;][vc_message message_box_style=&#8220;solid-icon&#8220; message_box_color=&#8220;black&#8220; icon_fontawesome=&#8220;fa fa-check-square-o&#8220;]Werkstattservice Gebrauchtwagenb\u00f6rse[\/vc_message][\/vc_column][\/vc_row][vc_row][vc_column width=&#8220;2\/3&#8243;][vc_column_text] &#8230; Um-, Ein- oder Neueinsteiger? Sie werden \u00fcber die ausgefeilte Technik und den Komfort \u00fcberrascht sein. Machen Sie bei uns pers\u00f6nlich Bekanntschaft mit den neuen Renault Pkw oder Transporter Modellen. Wir halten Ihnen gerne die T\u00fcr auf, Sie d\u00fcrfen nach &hellip; <a href=\"https:\/\/www.amrc-keller.de\/?page_id=78\" class=\"more-link\"><span class=\"screen-reader-text\">Auto<\/span> weiterlesen <span class=\"meta-nav\">&rarr;<\/span><\/a><\/p>\n","protected":false},"author":1,"featured_media":0,"parent":0,"menu_order":0,"comment_status":"open","ping_status":"open","template":"","meta":{"footnotes":""},"class_list":["post-78","page","type-page","status-publish","hentry"],"_links":{"self":[{"href":"https:\/\/www.amrc-keller.de\/index.php?rest_route=\/wp\/v2\/pages\/78","targetHints":{"allow":["GET"]}}],"collection":[{"href":"https:\/\/www.amrc-keller.de\/index.php?rest_route=\/wp\/v2\/pages"}],"about":[{"href":"https:\/\/www.amrc-keller.de\/index.php?rest_route=\/wp\/v2\/types\/page"}],"author":[{"embeddable":true,"href":"https:\/\/www.amrc-keller.de\/index.php?rest_route=\/wp\/v2\/users\/1"}],"replies":[{"embeddable":true,"href":"https:\/\/www.amrc-keller.de\/index.php?rest_route=%2Fwp%2Fv2%2Fcomments&post=78"}],"version-history":[{"count":24,"href":"https:\/\/www.amrc-keller.de\/index.php?rest_route=\/wp\/v2\/pages\/78\/revisions"}],"predecessor-version":[{"id":920,"href":"https:\/\/www.amrc-keller.de\/index.php?rest_route=\/wp\/v2\/pages\/78\/revisions\/920"}],"wp:attachment":[{"href":"https:\/\/www.amrc-keller.de\/index.php?rest_route=%2Fwp%2Fv2%2Fmedia&parent=78"}],"curies":[{"name":"wp","href":"https:\/\/api.w.org\/{rel}","templated":true}]}}